{"id":6079,"date":"2020-07-24T07:43:38","date_gmt":"2020-07-24T06:43:38","guid":{"rendered":"https:\/\/japerezcomposer.com\/?page_id=6079"},"modified":"2025-09-09T10:30:12","modified_gmt":"2025-09-09T09:30:12","slug":"faq","status":"publish","type":"page","link":"https:\/\/japerezmusic.com\/en\/faq\/","title":{"rendered":"FAQ"},"content":{"rendered":"<div data-elementor-type=\"wp-post\" data-elementor-id=\"6079\" class=\"elementor elementor-6079\" data-elementor-post-type=\"page\">\n\t\t\t\t\t\t<section data-particle_enable=\"false\" data-particle-mobile-disabled=\"false\" class=\"elementor-section elementor-top-section elementor-element elementor-element-b070e2f elementor-section-full_width elementor-section-stretched elementor-section-height-default elementor-section-height-default\" data-id=\"b070e2f\" data-element_type=\"section\" data-e-type=\"section\" data-settings=\"{&quot;background_background&quot;:&quot;classic&quot;,&quot;stretch_section&quot;:&quot;section-stretched&quot;,&quot;ekit_has_onepagescroll_dot&quot;:&quot;yes&quot;}\">\n\t\t\t\t\t\t<div class=\"elementor-container elementor-column-gap-default\">\n\t\t\t\t\t<div class=\"elementor-column elementor-col-100 elementor-top-column elementor-element elementor-element-689a317\" data-id=\"689a317\" data-element_type=\"column\" data-e-type=\"column\">\n\t\t\t<div class=\"elementor-widget-wrap elementor-element-populated\">\n\t\t\t\t\t\t<div class=\"elementor-element elementor-element-0df5d9a elementor-widget elementor-widget-elementskit-motion-text\" data-id=\"0df5d9a\" data-element_type=\"widget\" data-e-type=\"widget\" data-settings=\"{&quot;ekit_we_effect_on&quot;:&quot;none&quot;}\" data-widget_type=\"elementskit-motion-text.default\">\n\t\t\t\t<div class=\"elementor-widget-container\">\n\t\t\t\t\t<div class=\"ekit-wid-con\" >\t\t<div class=\"elementskit_motion_text_wraper\">\n\t\t\t\t\t\t<div class=\"ekit_motion_text_inner_wraper\" >\n\t\t\t<h2 class=\"ekit_motion_text_title\" data-ekit-animation-delay-s=\"10\" data-animate-class=\"\"><span class=\"ekit_motion_text\" data-ekit-animation-delay=\"\">Preguntas frecuentes<\/span>\t\t\t\t<\/h2>\t\t\t\t\t\t\t\t\t<\/div>\n\t\t<\/div>\n\n\t\t<\/div>\t\t\t\t<\/div>\n\t\t\t\t<\/div>\n\t\t\t\t\t<\/div>\n\t\t<\/div>\n\t\t\t\t\t<\/div>\n\t\t<\/section>\n\t\t\t\t<section data-particle_enable=\"false\" data-particle-mobile-disabled=\"false\" class=\"elementor-section elementor-top-section elementor-element elementor-element-66dc997 elementor-section-boxed elementor-section-height-default elementor-section-height-default\" data-id=\"66dc997\" data-element_type=\"section\" data-e-type=\"section\" data-settings=\"{&quot;ekit_has_onepagescroll_dot&quot;:&quot;yes&quot;}\">\n\t\t\t\t\t\t<div class=\"elementor-container elementor-column-gap-default\">\n\t\t\t\t\t<div class=\"elementor-column elementor-col-100 elementor-top-column elementor-element elementor-element-358260e\" data-id=\"358260e\" data-element_type=\"column\" data-e-type=\"column\">\n\t\t\t<div class=\"elementor-widget-wrap elementor-element-populated\">\n\t\t\t\t\t\t<div class=\"elementor-element elementor-element-81ffbba elementor-widget elementor-widget-elementskit-accordion\" data-id=\"81ffbba\" data-element_type=\"widget\" data-e-type=\"widget\" data-settings=\"{&quot;ekit_we_effect_on&quot;:&quot;none&quot;}\" data-widget_type=\"elementskit-accordion.default\">\n\t\t\t\t<div class=\"elementor-widget-container\">\n\t\t\t\t\t<div class=\"ekit-wid-con\" >\n        <div class=\"elementskit-accordion accoedion-primary\" id=\"accordion-69d17e7ed7029\">\n\n            \n                <div class=\"elementskit-card\">\n                    <div class=\"elementskit-card-header\" id=\"primaryHeading-0-81ffbba\">\n                        <a href=\"#collapse-1bb661269d17e7ed7029\" class=\"ekit-accordion--toggler elementskit-btn-link collapsed\" data-ekit-toggle=\"collapse\" data-target=\"#Collapse-1bb661269d17e7ed7029\" aria-expanded=\"false\" aria-controls=\"Collapse-1bb661269d17e7ed7029\">\n                                                            <div class=\"ekit_accordion_icon_left_group\">\n                                    <div class=\"ekit_accordion_normal_icon\">\n                                        <!-- Normal Icon -->\n                                        <i class=\"fas fa-plus\"><\/i>                                    <\/div>\n\n                                    <div class=\"ekit_accordion_active_icon\">\n                                        <!-- Active Icon -->\n\t\t\t\t\t\t\t\t\t\t<i class=\"fas fa-minus\"><\/i>                                    <\/div>\n                                <\/div>\n\n                            \n                            <span class=\"ekit-accordion-title\">How do I download my order after purchasing it?<\/span>\n\n                            \n                                                    <\/a>\n                    <\/div>\n\n                    <div id=\"Collapse-1bb661269d17e7ed7029\" class=\"collapse\" aria-labelledby=\"primaryHeading-0-81ffbba\" data-parent=\"#accordion-69d17e7ed7029\">\n\n                        <div class=\"elementskit-card-body ekit-accordion--content\">\n                            <p>Once the payment is confirmed, you will receive a download link in your email, and it will also be available in the section <em>My orders<\/em> de tu cuenta.<\/p>                        <\/div>\n\n                    <\/div>\n\n                <\/div><!-- .elementskit-card END -->\n\n                \n                <div class=\"elementskit-card\">\n                    <div class=\"elementskit-card-header\" id=\"primaryHeading-1-81ffbba\">\n                        <a href=\"#collapse-538222b69d17e7ed7029\" class=\"ekit-accordion--toggler elementskit-btn-link collapsed\" data-ekit-toggle=\"collapse\" data-target=\"#Collapse-538222b69d17e7ed7029\" aria-expanded=\"false\" aria-controls=\"Collapse-538222b69d17e7ed7029\">\n                                                            <div class=\"ekit_accordion_icon_left_group\">\n                                    <div class=\"ekit_accordion_normal_icon\">\n                                        <!-- Normal Icon -->\n                                        <i class=\"fas fa-plus\"><\/i>                                    <\/div>\n\n                                    <div class=\"ekit_accordion_active_icon\">\n                                        <!-- Active Icon -->\n\t\t\t\t\t\t\t\t\t\t<i class=\"fas fa-minus\"><\/i>                                    <\/div>\n                                <\/div>\n\n                            \n                            <span class=\"ekit-accordion-title\">How long does it take to process an order?<\/span>\n\n                            \n                                                    <\/a>\n                    <\/div>\n\n                    <div id=\"Collapse-538222b69d17e7ed7029\" class=\"collapse\" aria-labelledby=\"primaryHeading-1-81ffbba\" data-parent=\"#accordion-69d17e7ed7029\">\n\n                        <div class=\"elementskit-card-body ekit-accordion--content\">\n                            <p>Digital orders are immediate after payment confirmation. If you purchase a personalized service, the time will depend on the type of project.<\/p>                        <\/div>\n\n                    <\/div>\n\n                <\/div><!-- .elementskit-card END -->\n\n                \n                <div class=\"elementskit-card\">\n                    <div class=\"elementskit-card-header\" id=\"primaryHeading-2-81ffbba\">\n                        <a href=\"#collapse-7f01bed69d17e7ed7029\" class=\"ekit-accordion--toggler elementskit-btn-link collapsed\" data-ekit-toggle=\"collapse\" data-target=\"#Collapse-7f01bed69d17e7ed7029\" aria-expanded=\"false\" aria-controls=\"Collapse-7f01bed69d17e7ed7029\">\n                                                            <div class=\"ekit_accordion_icon_left_group\">\n                                    <div class=\"ekit_accordion_normal_icon\">\n                                        <!-- Normal Icon -->\n                                        <i class=\"fas fa-plus\"><\/i>                                    <\/div>\n\n                                    <div class=\"ekit_accordion_active_icon\">\n                                        <!-- Active Icon -->\n\t\t\t\t\t\t\t\t\t\t<i class=\"fas fa-minus\"><\/i>                                    <\/div>\n                                <\/div>\n\n                            \n                            <span class=\"ekit-accordion-title\">How can I make the payment?<\/span>\n\n                            \n                                                    <\/a>\n                    <\/div>\n\n                    <div id=\"Collapse-7f01bed69d17e7ed7029\" class=\"collapse\" aria-labelledby=\"primaryHeading-2-81ffbba\" data-parent=\"#accordion-69d17e7ed7029\">\n\n                        <div class=\"elementskit-card-body ekit-accordion--content\">\n                            <p>You can make payments via PayPal and Bizum. You can also pay with a card, as PayPal accepts card payments.<\/p><p>Can you read all the information <span style=\"color: #333333\"><strong><a style=\"color: #333333\" href=\"https:\/\/www.paypal.com\/us\/smarthelp\/home\" target=\"_blank\" rel=\"noopener\">here<\/a><\/strong>.<\/span><\/p>                        <\/div>\n\n                    <\/div>\n\n                <\/div><!-- .elementskit-card END -->\n\n                \n                <div class=\"elementskit-card\">\n                    <div class=\"elementskit-card-header\" id=\"primaryHeading-3-81ffbba\">\n                        <a href=\"#collapse-96e453f69d17e7ed7029\" class=\"ekit-accordion--toggler elementskit-btn-link collapsed\" data-ekit-toggle=\"collapse\" data-target=\"#Collapse-96e453f69d17e7ed7029\" aria-expanded=\"false\" aria-controls=\"Collapse-96e453f69d17e7ed7029\">\n                                                            <div class=\"ekit_accordion_icon_left_group\">\n                                    <div class=\"ekit_accordion_normal_icon\">\n                                        <!-- Normal Icon -->\n                                        <i class=\"fas fa-plus\"><\/i>                                    <\/div>\n\n                                    <div class=\"ekit_accordion_active_icon\">\n                                        <!-- Active Icon -->\n\t\t\t\t\t\t\t\t\t\t<i class=\"fas fa-minus\"><\/i>                                    <\/div>\n                                <\/div>\n\n                            \n                            <span class=\"ekit-accordion-title\">Where can I listen to your work before buying it?<\/span>\n\n                            \n                                                    <\/a>\n                    <\/div>\n\n                    <div id=\"Collapse-96e453f69d17e7ed7029\" class=\"collapse\" aria-labelledby=\"primaryHeading-3-81ffbba\" data-parent=\"#accordion-69d17e7ed7029\">\n\n                        <div class=\"elementskit-card-body ekit-accordion--content\">\n                            <p>You can listen to the audio of each composition or arrangement on the product page itself. They are also available on YouTube, Spotify, and SoundCloud.<\/p>                        <\/div>\n\n                    <\/div>\n\n                <\/div><!-- .elementskit-card END -->\n\n                \n                <div class=\"elementskit-card\">\n                    <div class=\"elementskit-card-header\" id=\"primaryHeading-4-81ffbba\">\n                        <a href=\"#collapse-ffb172769d17e7ed7029\" class=\"ekit-accordion--toggler elementskit-btn-link collapsed\" data-ekit-toggle=\"collapse\" data-target=\"#Collapse-ffb172769d17e7ed7029\" aria-expanded=\"false\" aria-controls=\"Collapse-ffb172769d17e7ed7029\">\n                                                            <div class=\"ekit_accordion_icon_left_group\">\n                                    <div class=\"ekit_accordion_normal_icon\">\n                                        <!-- Normal Icon -->\n                                        <i class=\"fas fa-plus\"><\/i>                                    <\/div>\n\n                                    <div class=\"ekit_accordion_active_icon\">\n                                        <!-- Active Icon -->\n\t\t\t\t\t\t\t\t\t\t<i class=\"fas fa-minus\"><\/i>                                    <\/div>\n                                <\/div>\n\n                            \n                            <span class=\"ekit-accordion-title\">Do you offer personalized services such as lessons or custom music commissions?<\/span>\n\n                            \n                                                    <\/a>\n                    <\/div>\n\n                    <div id=\"Collapse-ffb172769d17e7ed7029\" class=\"collapse\" aria-labelledby=\"primaryHeading-4-81ffbba\" data-parent=\"#accordion-69d17e7ed7029\">\n\n                        <div class=\"elementskit-card-body ekit-accordion--content\">\n                            <p>Yes, I offer online lessons, arrangements, original compositions, and custom commissions. You can request information without any obligation <span style=\"color: #000000\"><strong><a style=\"color: #000000\" href=\"https:\/\/japerezmusic.com\/en\/contact\/\" target=\"_blank\" rel=\"noopener\">here<\/a><\/strong><\/span>.<\/p>                        <\/div>\n\n                    <\/div>\n\n                <\/div><!-- .elementskit-card END -->\n\n                \n                <div class=\"elementskit-card\">\n                    <div class=\"elementskit-card-header\" id=\"primaryHeading-5-81ffbba\">\n                        <a href=\"#collapse-f75331069d17e7ed7029\" class=\"ekit-accordion--toggler elementskit-btn-link collapsed\" data-ekit-toggle=\"collapse\" data-target=\"#Collapse-f75331069d17e7ed7029\" aria-expanded=\"false\" aria-controls=\"Collapse-f75331069d17e7ed7029\">\n                                                            <div class=\"ekit_accordion_icon_left_group\">\n                                    <div class=\"ekit_accordion_normal_icon\">\n                                        <!-- Normal Icon -->\n                                        <i class=\"fas fa-plus\"><\/i>                                    <\/div>\n\n                                    <div class=\"ekit_accordion_active_icon\">\n                                        <!-- Active Icon -->\n\t\t\t\t\t\t\t\t\t\t<i class=\"fas fa-minus\"><\/i>                                    <\/div>\n                                <\/div>\n\n                            \n                            <span class=\"ekit-accordion-title\">How can I contact you if I have any questions?<\/span>\n\n                            \n                                                    <\/a>\n                    <\/div>\n\n                    <div id=\"Collapse-f75331069d17e7ed7029\" class=\"collapse\" aria-labelledby=\"primaryHeading-5-81ffbba\" data-parent=\"#accordion-69d17e7ed7029\">\n\n                        <div class=\"elementskit-card-body ekit-accordion--content\">\n                            <p>Can you write from the <span style=\"color: #000000\"><a style=\"color: #000000\" href=\"https:\/\/japerezmusic.com\/en\/contact\/\" target=\"_blank\" rel=\"noopener\">contact form<\/a><\/span> or send a direct message to any of my social media accounts.<\/p>                        <\/div>\n\n                    <\/div>\n\n                <\/div><!-- .elementskit-card END -->\n\n                                        <\/div>\n    <\/div>\t\t\t\t<\/div>\n\t\t\t\t<\/div>\n\t\t\t\t\t<\/div>\n\t\t<\/div>\n\t\t\t\t\t<\/div>\n\t\t<\/section>\n\t\t\t\t<section data-particle_enable=\"false\" data-particle-mobile-disabled=\"false\" class=\"elementor-section elementor-top-section elementor-element elementor-element-57be0e7 elementor-section-boxed elementor-section-height-default elementor-section-height-default\" data-id=\"57be0e7\" data-element_type=\"section\" data-e-type=\"section\" data-settings=\"{&quot;ekit_has_onepagescroll_dot&quot;:&quot;yes&quot;}\">\n\t\t\t\t\t\t<div class=\"elementor-container elementor-column-gap-default\">\n\t\t\t\t\t<div class=\"elementor-column elementor-col-100 elementor-top-column elementor-element elementor-element-c6c7c82\" data-id=\"c6c7c82\" data-element_type=\"column\" data-e-type=\"column\">\n\t\t\t<div class=\"elementor-widget-wrap elementor-element-populated\">\n\t\t\t\t\t\t<div class=\"elementor-element elementor-element-d6050f1 elementor-widget elementor-widget-spacer\" data-id=\"d6050f1\" data-element_type=\"widget\" data-e-type=\"widget\" data-settings=\"{&quot;ekit_we_effect_on&quot;:&quot;none&quot;}\" data-widget_type=\"spacer.default\">\n\t\t\t\t<div class=\"elementor-widget-container\">\n\t\t\t\t\t\t\t<div class=\"elementor-spacer\">\n\t\t\t<div class=\"elementor-spacer-inner\"><\/div>\n\t\t<\/div>\n\t\t\t\t\t\t<\/div>\n\t\t\t\t<\/div>\n\t\t\t\t\t<\/div>\n\t\t<\/div>\n\t\t\t\t\t<\/div>\n\t\t<\/section>\n\t\t\t\t<\/div>","protected":false},"excerpt":{"rendered":"<p>Preguntas frecuentes \u00bfC\u00f3mo descargo mi pedido despu\u00e9s de comprarlo? Una vez confirmado el pago, recibir\u00e1s un enlace de descarga en tu correo y tambi\u00e9n estar\u00e1 disponible en la secci\u00f3n Mis pedidos de tu cuenta. \u00bfCu\u00e1nto tiempo tardan en procesar un pedido? Los pedidos digitales son inmediatos tras la confirmaci\u00f3n de pago. Si adquieres un servicio [&hellip;]<\/p>\n","protected":false},"author":1,"featured_media":0,"parent":0,"menu_order":0,"comment_status":"closed","ping_status":"closed","template":"elementor_header_footer","meta":{"site-sidebar-layout":"default","site-content-layout":"","ast-site-content-layout":"default","site-content-style":"default","site-sidebar-style":"default","ast-global-header-display":"","ast-banner-title-visibility":"","ast-main-header-display":"","ast-hfb-above-header-display":"","ast-hfb-below-header-display":"","ast-hfb-mobile-header-display":"","site-post-title":"","ast-breadcrumbs-content":"","ast-featured-img":"","footer-sml-layout":"","ast-disable-related-posts":"","theme-transparent-header-meta":"","adv-header-id-meta":"","stick-header-meta":"","header-above-stick-meta":"","header-main-stick-meta":"","header-below-stick-meta":"","astra-migrate-meta-layouts":"default","ast-page-background-enabled":"default","ast-page-background-meta":{"desktop":{"background-color":"var(--ast-global-color-4)","background-image":"","background-repeat":"repeat","background-position":"center center","background-size":"auto","background-attachment":"scroll","background-type":"","background-media":"","overlay-type":"","overlay-color":"","overlay-opacity":"","overlay-gradient":""},"tablet":{"background-color":"","background-image":"","background-repeat":"repeat","background-position":"center center","background-size":"auto","background-attachment":"scroll","background-type":"","background-media":"","overlay-type":"","overlay-color":"","overlay-opacity":"","overlay-gradient":""},"mobile":{"background-color":"","background-image":"","background-repeat":"repeat","background-position":"center center","background-size":"auto","background-attachment":"scroll","background-type":"","background-media":"","overlay-type":"","overlay-color":"","overlay-opacity":"","overlay-gradient":""}},"ast-content-background-meta":{"desktop":{"background-color":"var(--ast-global-color-5)","background-image":"","background-repeat":"repeat","background-position":"center center","background-size":"auto","background-attachment":"scroll","background-type":"","background-media":"","overlay-type":"","overlay-color":"","overlay-opacity":"","overlay-gradient":""},"tablet":{"background-color":"var(--ast-global-color-5)","background-image":"","background-repeat":"repeat","background-position":"center center","background-size":"auto","background-attachment":"scroll","background-type":"","background-media":"","overlay-type":"","overlay-color":"","overlay-opacity":"","overlay-gradient":""},"mobile":{"background-color":"var(--ast-global-color-5)","background-image":"","background-repeat":"repeat","background-position":"center center","background-size":"auto","background-attachment":"scroll","background-type":"","background-media":"","overlay-type":"","overlay-color":"","overlay-opacity":"","overlay-gradient":""}},"footnotes":""},"class_list":["post-6079","page","type-page","status-publish","hentry"],"yoast_head":"<!-- This site is optimized with the Yoast SEO plugin v27.3 - https:\/\/yoast.com\/product\/yoast-seo-wordpress\/ -->\n<title>FAQ | Juan A. P\u00e9rez<\/title>\n<meta name=\"description\" content=\"Frequently Asked Question\" \/>\n<meta name=\"robots\" content=\"index, follow, max-snippet:-1, max-image-preview:large, max-video-preview:-1\" \/>\n<link rel=\"canonical\" href=\"https:\/\/japerezmusic.com\/en\/faq\/\" \/>\n<meta property=\"og:locale\" content=\"en_GB\" \/>\n<meta property=\"og:type\" content=\"article\" \/>\n<meta property=\"og:title\" content=\"FAQ | Juan A. P\u00e9rez\" \/>\n<meta property=\"og:description\" content=\"Frequently Asked Question\" \/>\n<meta property=\"og:url\" content=\"https:\/\/japerezmusic.com\/en\/faq\/\" \/>\n<meta property=\"article:modified_time\" content=\"2025-09-09T09:30:12+00:00\" \/>\n<meta name=\"twitter:card\" content=\"summary_large_image\" \/>\n<meta name=\"twitter:label1\" content=\"Estimated reading time\" \/>\n\t<meta name=\"twitter:data1\" content=\"2 minutes\" \/>\n<script type=\"application\/ld+json\" class=\"yoast-schema-graph\">{\"@context\":\"https:\\\/\\\/schema.org\",\"@graph\":[{\"@type\":\"WebPage\",\"@id\":\"https:\\\/\\\/japerezmusic.com\\\/faq\\\/\",\"url\":\"https:\\\/\\\/japerezmusic.com\\\/faq\\\/\",\"name\":\"FAQ | Juan A. P\u00e9rez\",\"isPartOf\":{\"@id\":\"https:\\\/\\\/japerezmusic.com\\\/#website\"},\"datePublished\":\"2020-07-24T06:43:38+00:00\",\"dateModified\":\"2025-09-09T09:30:12+00:00\",\"description\":\"Frequently Asked Question\",\"breadcrumb\":{\"@id\":\"https:\\\/\\\/japerezmusic.com\\\/faq\\\/#breadcrumb\"},\"inLanguage\":\"en-GB\",\"potentialAction\":[{\"@type\":\"ReadAction\",\"target\":[\"https:\\\/\\\/japerezmusic.com\\\/faq\\\/\"]}]},{\"@type\":\"BreadcrumbList\",\"@id\":\"https:\\\/\\\/japerezmusic.com\\\/faq\\\/#breadcrumb\",\"itemListElement\":[{\"@type\":\"ListItem\",\"position\":1,\"name\":\"Portada\",\"item\":\"https:\\\/\\\/japerezmusic.com\\\/\"},{\"@type\":\"ListItem\",\"position\":2,\"name\":\"FAQ\"}]},{\"@type\":\"WebSite\",\"@id\":\"https:\\\/\\\/japerezmusic.com\\\/#website\",\"url\":\"https:\\\/\\\/japerezmusic.com\\\/\",\"name\":\"\",\"description\":\"\",\"publisher\":{\"@id\":\"https:\\\/\\\/japerezmusic.com\\\/#\\\/schema\\\/person\\\/6093ed30b3bf599c024733a29c42efe1\"},\"potentialAction\":[{\"@type\":\"SearchAction\",\"target\":{\"@type\":\"EntryPoint\",\"urlTemplate\":\"https:\\\/\\\/japerezmusic.com\\\/?s={search_term_string}\"},\"query-input\":{\"@type\":\"PropertyValueSpecification\",\"valueRequired\":true,\"valueName\":\"search_term_string\"}}],\"inLanguage\":\"en-GB\"},{\"@type\":[\"Person\",\"Organization\"],\"@id\":\"https:\\\/\\\/japerezmusic.com\\\/#\\\/schema\\\/person\\\/6093ed30b3bf599c024733a29c42efe1\",\"name\":\"Juan A P\u00e9rez\",\"image\":{\"@type\":\"ImageObject\",\"inLanguage\":\"en-GB\",\"@id\":\"https:\\\/\\\/secure.gravatar.com\\\/avatar\\\/ca9baf1f5798850e155e99c331bc491e839376d5d36dc8ee3ea50cb161eb49d2?s=96&d=mm&r=g\",\"url\":\"https:\\\/\\\/secure.gravatar.com\\\/avatar\\\/ca9baf1f5798850e155e99c331bc491e839376d5d36dc8ee3ea50cb161eb49d2?s=96&d=mm&r=g\",\"contentUrl\":\"https:\\\/\\\/secure.gravatar.com\\\/avatar\\\/ca9baf1f5798850e155e99c331bc491e839376d5d36dc8ee3ea50cb161eb49d2?s=96&d=mm&r=g\",\"caption\":\"Juan A P\u00e9rez\"},\"logo\":{\"@id\":\"https:\\\/\\\/secure.gravatar.com\\\/avatar\\\/ca9baf1f5798850e155e99c331bc491e839376d5d36dc8ee3ea50cb161eb49d2?s=96&d=mm&r=g\"},\"sameAs\":[\"http:\\\/\\\/japerezcomposer.com\"]}]}<\/script>\n<!-- \/ Yoast SEO plugin. -->","yoast_head_json":{"title":"FAQ | Juan A. P\u00e9rez","description":"Frequently Asked Question","robots":{"index":"index","follow":"follow","max-snippet":"max-snippet:-1","max-image-preview":"max-image-preview:large","max-video-preview":"max-video-preview:-1"},"canonical":"https:\/\/japerezmusic.com\/en\/faq\/","og_locale":"en_GB","og_type":"article","og_title":"FAQ | Juan A. P\u00e9rez","og_description":"Frequently Asked Question","og_url":"https:\/\/japerezmusic.com\/en\/faq\/","article_modified_time":"2025-09-09T09:30:12+00:00","twitter_card":"summary_large_image","twitter_misc":{"Estimated reading time":"2 minutes"},"schema":{"@context":"https:\/\/schema.org","@graph":[{"@type":"WebPage","@id":"https:\/\/japerezmusic.com\/faq\/","url":"https:\/\/japerezmusic.com\/faq\/","name":"FAQ | Juan A. P\u00e9rez","isPartOf":{"@id":"https:\/\/japerezmusic.com\/#website"},"datePublished":"2020-07-24T06:43:38+00:00","dateModified":"2025-09-09T09:30:12+00:00","description":"Frequently Asked Question","breadcrumb":{"@id":"https:\/\/japerezmusic.com\/faq\/#breadcrumb"},"inLanguage":"en-GB","potentialAction":[{"@type":"ReadAction","target":["https:\/\/japerezmusic.com\/faq\/"]}]},{"@type":"BreadcrumbList","@id":"https:\/\/japerezmusic.com\/faq\/#breadcrumb","itemListElement":[{"@type":"ListItem","position":1,"name":"Portada","item":"https:\/\/japerezmusic.com\/"},{"@type":"ListItem","position":2,"name":"FAQ"}]},{"@type":"WebSite","@id":"https:\/\/japerezmusic.com\/#website","url":"https:\/\/japerezmusic.com\/","name":"","description":"","publisher":{"@id":"https:\/\/japerezmusic.com\/#\/schema\/person\/6093ed30b3bf599c024733a29c42efe1"},"potentialAction":[{"@type":"SearchAction","target":{"@type":"EntryPoint","urlTemplate":"https:\/\/japerezmusic.com\/?s={search_term_string}"},"query-input":{"@type":"PropertyValueSpecification","valueRequired":true,"valueName":"search_term_string"}}],"inLanguage":"en-GB"},{"@type":["Person","Organization"],"@id":"https:\/\/japerezmusic.com\/#\/schema\/person\/6093ed30b3bf599c024733a29c42efe1","name":"Juan A P\u00e9rez","image":{"@type":"ImageObject","inLanguage":"en-GB","@id":"https:\/\/secure.gravatar.com\/avatar\/ca9baf1f5798850e155e99c331bc491e839376d5d36dc8ee3ea50cb161eb49d2?s=96&d=mm&r=g","url":"https:\/\/secure.gravatar.com\/avatar\/ca9baf1f5798850e155e99c331bc491e839376d5d36dc8ee3ea50cb161eb49d2?s=96&d=mm&r=g","contentUrl":"https:\/\/secure.gravatar.com\/avatar\/ca9baf1f5798850e155e99c331bc491e839376d5d36dc8ee3ea50cb161eb49d2?s=96&d=mm&r=g","caption":"Juan A P\u00e9rez"},"logo":{"@id":"https:\/\/secure.gravatar.com\/avatar\/ca9baf1f5798850e155e99c331bc491e839376d5d36dc8ee3ea50cb161eb49d2?s=96&d=mm&r=g"},"sameAs":["http:\/\/japerezcomposer.com"]}]}},"_links":{"self":[{"href":"https:\/\/japerezmusic.com\/en\/wp-json\/wp\/v2\/pages\/6079","targetHints":{"allow":["GET"]}}],"collection":[{"href":"https:\/\/japerezmusic.com\/en\/wp-json\/wp\/v2\/pages"}],"about":[{"href":"https:\/\/japerezmusic.com\/en\/wp-json\/wp\/v2\/types\/page"}],"author":[{"embeddable":true,"href":"https:\/\/japerezmusic.com\/en\/wp-json\/wp\/v2\/users\/1"}],"replies":[{"embeddable":true,"href":"https:\/\/japerezmusic.com\/en\/wp-json\/wp\/v2\/comments?post=6079"}],"version-history":[{"count":0,"href":"https:\/\/japerezmusic.com\/en\/wp-json\/wp\/v2\/pages\/6079\/revisions"}],"wp:attachment":[{"href":"https:\/\/japerezmusic.com\/en\/wp-json\/wp\/v2\/media?parent=6079"}],"curies":[{"name":"wp","href":"https:\/\/api.w.org\/{rel}","templated":true}]}}