{"id":13520,"date":"2021-11-06T10:58:17","date_gmt":"2021-11-06T09:58:17","guid":{"rendered":"https:\/\/japerezcomposer.com\/?post_type=product&#038;p=13520"},"modified":"2026-01-19T15:33:28","modified_gmt":"2026-01-19T14:33:28","slug":"siracusa-fanfare-band","status":"publish","type":"product","link":"https:\/\/japerezmusic.com\/en\/wind-band-compositions\/siracusa-fanfare-band\/","title":{"rendered":"Siracusa"},"content":{"rendered":"<p><strong>Composer:<\/strong>\u00a0Juan A. P\u00e9rez<\/p>\n<p><strong>Instrumentation:<\/strong> Fanfare Band<\/p>\n<p><strong>Level:<\/strong> 3<\/p>\n<p><strong>Duration: <\/strong>6:50<\/p>\n<p><strong>Publisher:<\/strong><span style=\"color: #000000;\">\u00a0<a style=\"color: #000000;\" href=\"https:\/\/www.molenaar.com\/web\/Default.aspx\" target=\"_blank\" rel=\"noreferrer noopener\">Molenaar Edition<\/a><\/span><\/p>\n<p><strong>Publisher Code: <\/strong>023615070<\/p>\n<p><strong>Discography:<\/strong>\u00a0<span style=\"color: #000000;\"><a style=\"color: #000000;\" href=\"https:\/\/www.molenaar.com\/details\/2\/20743\/en\" target=\"_blank\" rel=\"noopener\">Wild West<\/a><\/span><\/p>\n<p><strong>Series:<\/strong>\u00a0Original Compositions for Concert Band 88<\/p>","protected":false},"excerpt":{"rendered":"<p><strong>Siracusa<\/strong> is based on the Italian city Syracuse, at which Cicero defined as the most beautiful city of Magna Graecia. Founded in 734 b.C., it is one of the cities with more culture and art to the world. The work will transport us on a trip to the past, where culture, music and art will accompany us at all times.<\/p>\n<p><strong>Siracusa<\/strong> est\u00e1 basada en la ciudad italiana que lleva el mismo nombre, a la que Cicer\u00f3n defini\u00f3 como la ciudad m\u00e1s bella de la Magna Grecia. Fundada en el 734 a.C., es una de las ciudades con m\u00e1s cultura y arte de todo el mundo. La obra nos transportar\u00e1 en un viaje al pasado, donde la cultura, la m\u00fasica y el arte nos acompa\u00f1ar\u00e1n en todo momento.<\/p>","protected":false},"featured_media":13523,"template":"","meta":{"site-sidebar-layout":"default","site-content-layout":"default","ast-site-content-layout":"default","site-content-style":"default","site-sidebar-style":"default","ast-global-header-display":"","ast-banner-title-visibility":"","ast-main-header-display":"","ast-hfb-above-header-display":"","ast-hfb-below-header-display":"","ast-hfb-mobile-header-display":"","site-post-title":"","ast-breadcrumbs-content":"","ast-featured-img":"","footer-sml-layout":"","ast-disable-related-posts":"","theme-transparent-header-meta":"default","adv-header-id-meta":"","stick-header-meta":"","header-above-stick-meta":"","header-main-stick-meta":"","header-below-stick-meta":"","astra-migrate-meta-layouts":"set","ast-page-background-enabled":"default","ast-page-background-meta":{"desktop":{"background-color":"var(--ast-global-color-4)","background-image":"","background-repeat":"repeat","background-position":"center center","background-size":"auto","background-attachment":"scroll","background-type":"","background-media":"","overlay-type":"","overlay-color":"","overlay-opacity":"","overlay-gradient":""},"tablet":{"background-color":"","background-image":"","background-repeat":"repeat","background-position":"center center","background-size":"auto","background-attachment":"scroll","background-type":"","background-media":"","overlay-type":"","overlay-color":"","overlay-opacity":"","overlay-gradient":""},"mobile":{"background-color":"","background-image":"","background-repeat":"repeat","background-position":"center center","background-size":"auto","background-attachment":"scroll","background-type":"","background-media":"","overlay-type":"","overlay-color":"","overlay-opacity":"","overlay-gradient":""}},"ast-content-background-meta":{"desktop":{"background-color":"var(--ast-global-color-5)","background-image":"","background-repeat":"repeat","background-position":"center center","background-size":"auto","background-attachment":"scroll","background-type":"","background-media":"","overlay-type":"","overlay-color":"","overlay-opacity":"","overlay-gradient":""},"tablet":{"background-color":"var(--ast-global-color-5)","background-image":"","background-repeat":"repeat","background-position":"center center","background-size":"auto","background-attachment":"scroll","background-type":"","background-media":"","overlay-type":"","overlay-color":"","overlay-opacity":"","overlay-gradient":""},"mobile":{"background-color":"var(--ast-global-color-5)","background-image":"","background-repeat":"repeat","background-position":"center center","background-size":"auto","background-attachment":"scroll","background-type":"","background-media":"","overlay-type":"","overlay-color":"","overlay-opacity":"","overlay-gradient":""}}},"product_brand":[],"product_cat":[178],"product_tag":[],"class_list":{"0":"post-13520","1":"product","2":"type-product","3":"status-publish","4":"has-post-thumbnail","6":"product_cat-wind-band-compositions","7":"desktop-align-left","8":"tablet-align-left","9":"mobile-align-left","11":"first","12":"instock","13":"shipping-taxable","14":"product-type-external"},"yoast_head":"<!-- This site is optimized with the Yoast SEO plugin v27.3 - https:\/\/yoast.com\/product\/yoast-seo-wordpress\/ -->\n<title>Fanfare Band: Siracusa, by Juan A. P\u00e9rez | Juan A. P\u00e9rez<\/title>\n<meta name=\"description\" content=\"Siracusa is based on the Italian city Syracuse, at which Cicero defined as the most beautiful city of Magna Graecia. Founded in 734 b.C., it is one of the cities with more culture and art to the world. The work will transport us on a trip to the past, where culture, music and art will accompany us at all times.\" \/>\n<meta name=\"robots\" content=\"index, follow, max-snippet:-1, max-image-preview:large, max-video-preview:-1\" \/>\n<link rel=\"canonical\" href=\"https:\/\/japerezmusic.com\/en\/wind-band-compositions\/siracusa-fanfare-band\/\" \/>\n<meta property=\"og:locale\" content=\"en_GB\" \/>\n<meta property=\"og:type\" content=\"article\" \/>\n<meta property=\"og:title\" content=\"Fanfare Band: Siracusa, by Juan A. P\u00e9rez | Juan A. P\u00e9rez\" \/>\n<meta property=\"og:description\" content=\"Siracusa is based on the Italian city Syracuse, at which Cicero defined as the most beautiful city of Magna Graecia. Founded in 734 b.C., it is one of the cities with more culture and art to the world. The work will transport us on a trip to the past, where culture, music and art will accompany us at all times.\" \/>\n<meta property=\"og:url\" content=\"https:\/\/japerezmusic.com\/en\/wind-band-compositions\/siracusa-fanfare-band\/\" \/>\n<meta property=\"article:modified_time\" content=\"2026-01-19T14:33:28+00:00\" \/>\n<meta property=\"og:image\" content=\"https:\/\/japerezmusic.com\/wp-content\/uploads\/2021\/11\/siracusa-fanfare-band.webp\" \/>\n\t<meta property=\"og:image:width\" content=\"667\" \/>\n\t<meta property=\"og:image:height\" content=\"876\" \/>\n\t<meta property=\"og:image:type\" content=\"image\/webp\" \/>\n<meta name=\"twitter:card\" content=\"summary_large_image\" \/>\n<meta name=\"twitter:label1\" content=\"Estimated reading time\" \/>\n\t<meta name=\"twitter:data1\" content=\"1 minute\" \/>\n<script type=\"application\/ld+json\" class=\"yoast-schema-graph\">{\"@context\":\"https:\\\/\\\/schema.org\",\"@graph\":[{\"@type\":\"WebPage\",\"@id\":\"https:\\\/\\\/japerezmusic.com\\\/wind-band-compositions\\\/siracusa-fanfare-band\\\/\",\"url\":\"https:\\\/\\\/japerezmusic.com\\\/wind-band-compositions\\\/siracusa-fanfare-band\\\/\",\"name\":\"Fanfare Band: Siracusa, by Juan A. P\u00e9rez | Juan A. P\u00e9rez\",\"isPartOf\":{\"@id\":\"https:\\\/\\\/japerezmusic.com\\\/#website\"},\"primaryImageOfPage\":{\"@id\":\"https:\\\/\\\/japerezmusic.com\\\/wind-band-compositions\\\/siracusa-fanfare-band\\\/#primaryimage\"},\"image\":{\"@id\":\"https:\\\/\\\/japerezmusic.com\\\/wind-band-compositions\\\/siracusa-fanfare-band\\\/#primaryimage\"},\"thumbnailUrl\":\"https:\\\/\\\/japerezmusic.com\\\/wp-content\\\/uploads\\\/2021\\\/11\\\/siracusa-fanfare-band.webp\",\"datePublished\":\"2021-11-06T09:58:17+00:00\",\"dateModified\":\"2026-01-19T14:33:28+00:00\",\"description\":\"Siracusa is based on the Italian city Syracuse, at which Cicero defined as the most beautiful city of Magna Graecia. Founded in 734 b.C., it is one of the cities with more culture and art to the world. The work will transport us on a trip to the past, where culture, music and art will accompany us at all times.\",\"breadcrumb\":{\"@id\":\"https:\\\/\\\/japerezmusic.com\\\/wind-band-compositions\\\/siracusa-fanfare-band\\\/#breadcrumb\"},\"inLanguage\":\"en-GB\",\"potentialAction\":[{\"@type\":\"ReadAction\",\"target\":[\"https:\\\/\\\/japerezmusic.com\\\/wind-band-compositions\\\/siracusa-fanfare-band\\\/\"]}]},{\"@type\":\"ImageObject\",\"inLanguage\":\"en-GB\",\"@id\":\"https:\\\/\\\/japerezmusic.com\\\/wind-band-compositions\\\/siracusa-fanfare-band\\\/#primaryimage\",\"url\":\"https:\\\/\\\/japerezmusic.com\\\/wp-content\\\/uploads\\\/2021\\\/11\\\/siracusa-fanfare-band.webp\",\"contentUrl\":\"https:\\\/\\\/japerezmusic.com\\\/wp-content\\\/uploads\\\/2021\\\/11\\\/siracusa-fanfare-band.webp\",\"width\":667,\"height\":876},{\"@type\":\"BreadcrumbList\",\"@id\":\"https:\\\/\\\/japerezmusic.com\\\/wind-band-compositions\\\/siracusa-fanfare-band\\\/#breadcrumb\",\"itemListElement\":[{\"@type\":\"ListItem\",\"position\":1,\"name\":\"Portada\",\"item\":\"https:\\\/\\\/japerezmusic.com\\\/\"},{\"@type\":\"ListItem\",\"position\":2,\"name\":\"Tienda\",\"item\":\"https:\\\/\\\/japerezmusic.com\\\/tienda\\\/\"},{\"@type\":\"ListItem\",\"position\":3,\"name\":\"Siracusa\"}]},{\"@type\":\"WebSite\",\"@id\":\"https:\\\/\\\/japerezmusic.com\\\/#website\",\"url\":\"https:\\\/\\\/japerezmusic.com\\\/\",\"name\":\"\",\"description\":\"\",\"publisher\":{\"@id\":\"https:\\\/\\\/japerezmusic.com\\\/#\\\/schema\\\/person\\\/6093ed30b3bf599c024733a29c42efe1\"},\"potentialAction\":[{\"@type\":\"SearchAction\",\"target\":{\"@type\":\"EntryPoint\",\"urlTemplate\":\"https:\\\/\\\/japerezmusic.com\\\/?s={search_term_string}\"},\"query-input\":{\"@type\":\"PropertyValueSpecification\",\"valueRequired\":true,\"valueName\":\"search_term_string\"}}],\"inLanguage\":\"en-GB\"},{\"@type\":[\"Person\",\"Organization\"],\"@id\":\"https:\\\/\\\/japerezmusic.com\\\/#\\\/schema\\\/person\\\/6093ed30b3bf599c024733a29c42efe1\",\"name\":\"Juan A P\u00e9rez\",\"image\":{\"@type\":\"ImageObject\",\"inLanguage\":\"en-GB\",\"@id\":\"https:\\\/\\\/secure.gravatar.com\\\/avatar\\\/ca9baf1f5798850e155e99c331bc491e839376d5d36dc8ee3ea50cb161eb49d2?s=96&d=mm&r=g\",\"url\":\"https:\\\/\\\/secure.gravatar.com\\\/avatar\\\/ca9baf1f5798850e155e99c331bc491e839376d5d36dc8ee3ea50cb161eb49d2?s=96&d=mm&r=g\",\"contentUrl\":\"https:\\\/\\\/secure.gravatar.com\\\/avatar\\\/ca9baf1f5798850e155e99c331bc491e839376d5d36dc8ee3ea50cb161eb49d2?s=96&d=mm&r=g\",\"caption\":\"Juan A P\u00e9rez\"},\"logo\":{\"@id\":\"https:\\\/\\\/secure.gravatar.com\\\/avatar\\\/ca9baf1f5798850e155e99c331bc491e839376d5d36dc8ee3ea50cb161eb49d2?s=96&d=mm&r=g\"},\"sameAs\":[\"http:\\\/\\\/japerezcomposer.com\"]}]}<\/script>\n<!-- \/ Yoast SEO plugin. -->","yoast_head_json":{"title":"Fanfare Band: Siracusa, by Juan A. P\u00e9rez | Juan A. P\u00e9rez","description":"Siracusa is based on the Italian city Syracuse, at which Cicero defined as the most beautiful city of Magna Graecia. Founded in 734 b.C., it is one of the cities with more culture and art to the world. The work will transport us on a trip to the past, where culture, music and art will accompany us at all times.","robots":{"index":"index","follow":"follow","max-snippet":"max-snippet:-1","max-image-preview":"max-image-preview:large","max-video-preview":"max-video-preview:-1"},"canonical":"https:\/\/japerezmusic.com\/en\/wind-band-compositions\/siracusa-fanfare-band\/","og_locale":"en_GB","og_type":"article","og_title":"Fanfare Band: Siracusa, by Juan A. P\u00e9rez | Juan A. P\u00e9rez","og_description":"Siracusa is based on the Italian city Syracuse, at which Cicero defined as the most beautiful city of Magna Graecia. Founded in 734 b.C., it is one of the cities with more culture and art to the world. The work will transport us on a trip to the past, where culture, music and art will accompany us at all times.","og_url":"https:\/\/japerezmusic.com\/en\/wind-band-compositions\/siracusa-fanfare-band\/","article_modified_time":"2026-01-19T14:33:28+00:00","og_image":[{"width":667,"height":876,"url":"https:\/\/japerezmusic.com\/wp-content\/uploads\/2021\/11\/siracusa-fanfare-band.webp","type":"image\/webp"}],"twitter_card":"summary_large_image","twitter_misc":{"Estimated reading time":"1 minute"},"schema":{"@context":"https:\/\/schema.org","@graph":[{"@type":"WebPage","@id":"https:\/\/japerezmusic.com\/wind-band-compositions\/siracusa-fanfare-band\/","url":"https:\/\/japerezmusic.com\/wind-band-compositions\/siracusa-fanfare-band\/","name":"Fanfare Band: Siracusa, by Juan A. P\u00e9rez | Juan A. P\u00e9rez","isPartOf":{"@id":"https:\/\/japerezmusic.com\/#website"},"primaryImageOfPage":{"@id":"https:\/\/japerezmusic.com\/wind-band-compositions\/siracusa-fanfare-band\/#primaryimage"},"image":{"@id":"https:\/\/japerezmusic.com\/wind-band-compositions\/siracusa-fanfare-band\/#primaryimage"},"thumbnailUrl":"https:\/\/japerezmusic.com\/wp-content\/uploads\/2021\/11\/siracusa-fanfare-band.webp","datePublished":"2021-11-06T09:58:17+00:00","dateModified":"2026-01-19T14:33:28+00:00","description":"Siracusa is based on the Italian city Syracuse, at which Cicero defined as the most beautiful city of Magna Graecia. Founded in 734 b.C., it is one of the cities with more culture and art to the world. The work will transport us on a trip to the past, where culture, music and art will accompany us at all times.","breadcrumb":{"@id":"https:\/\/japerezmusic.com\/wind-band-compositions\/siracusa-fanfare-band\/#breadcrumb"},"inLanguage":"en-GB","potentialAction":[{"@type":"ReadAction","target":["https:\/\/japerezmusic.com\/wind-band-compositions\/siracusa-fanfare-band\/"]}]},{"@type":"ImageObject","inLanguage":"en-GB","@id":"https:\/\/japerezmusic.com\/wind-band-compositions\/siracusa-fanfare-band\/#primaryimage","url":"https:\/\/japerezmusic.com\/wp-content\/uploads\/2021\/11\/siracusa-fanfare-band.webp","contentUrl":"https:\/\/japerezmusic.com\/wp-content\/uploads\/2021\/11\/siracusa-fanfare-band.webp","width":667,"height":876},{"@type":"BreadcrumbList","@id":"https:\/\/japerezmusic.com\/wind-band-compositions\/siracusa-fanfare-band\/#breadcrumb","itemListElement":[{"@type":"ListItem","position":1,"name":"Portada","item":"https:\/\/japerezmusic.com\/"},{"@type":"ListItem","position":2,"name":"Tienda","item":"https:\/\/japerezmusic.com\/tienda\/"},{"@type":"ListItem","position":3,"name":"Siracusa"}]},{"@type":"WebSite","@id":"https:\/\/japerezmusic.com\/#website","url":"https:\/\/japerezmusic.com\/","name":"","description":"","publisher":{"@id":"https:\/\/japerezmusic.com\/#\/schema\/person\/6093ed30b3bf599c024733a29c42efe1"},"potentialAction":[{"@type":"SearchAction","target":{"@type":"EntryPoint","urlTemplate":"https:\/\/japerezmusic.com\/?s={search_term_string}"},"query-input":{"@type":"PropertyValueSpecification","valueRequired":true,"valueName":"search_term_string"}}],"inLanguage":"en-GB"},{"@type":["Person","Organization"],"@id":"https:\/\/japerezmusic.com\/#\/schema\/person\/6093ed30b3bf599c024733a29c42efe1","name":"Juan A P\u00e9rez","image":{"@type":"ImageObject","inLanguage":"en-GB","@id":"https:\/\/secure.gravatar.com\/avatar\/ca9baf1f5798850e155e99c331bc491e839376d5d36dc8ee3ea50cb161eb49d2?s=96&d=mm&r=g","url":"https:\/\/secure.gravatar.com\/avatar\/ca9baf1f5798850e155e99c331bc491e839376d5d36dc8ee3ea50cb161eb49d2?s=96&d=mm&r=g","contentUrl":"https:\/\/secure.gravatar.com\/avatar\/ca9baf1f5798850e155e99c331bc491e839376d5d36dc8ee3ea50cb161eb49d2?s=96&d=mm&r=g","caption":"Juan A P\u00e9rez"},"logo":{"@id":"https:\/\/secure.gravatar.com\/avatar\/ca9baf1f5798850e155e99c331bc491e839376d5d36dc8ee3ea50cb161eb49d2?s=96&d=mm&r=g"},"sameAs":["http:\/\/japerezcomposer.com"]}]}},"_links":{"self":[{"href":"https:\/\/japerezmusic.com\/en\/wp-json\/wp\/v2\/product\/13520","targetHints":{"allow":["GET"]}}],"collection":[{"href":"https:\/\/japerezmusic.com\/en\/wp-json\/wp\/v2\/product"}],"about":[{"href":"https:\/\/japerezmusic.com\/en\/wp-json\/wp\/v2\/types\/product"}],"version-history":[{"count":0,"href":"https:\/\/japerezmusic.com\/en\/wp-json\/wp\/v2\/product\/13520\/revisions"}],"wp:featuredmedia":[{"embeddable":true,"href":"https:\/\/japerezmusic.com\/en\/wp-json\/wp\/v2\/media\/13523"}],"wp:attachment":[{"href":"https:\/\/japerezmusic.com\/en\/wp-json\/wp\/v2\/media?parent=13520"}],"wp:term":[{"taxonomy":"product_brand","embeddable":true,"href":"https:\/\/japerezmusic.com\/en\/wp-json\/wp\/v2\/product_brand?post=13520"},{"taxonomy":"product_cat","embeddable":true,"href":"https:\/\/japerezmusic.com\/en\/wp-json\/wp\/v2\/product_cat?post=13520"},{"taxonomy":"product_tag","embeddable":true,"href":"https:\/\/japerezmusic.com\/en\/wp-json\/wp\/v2\/product_tag?post=13520"}],"curies":[{"name":"wp","href":"https:\/\/api.w.org\/{rel}","templated":true}]}}