{"id":22299,"date":"2023-09-20T16:51:35","date_gmt":"2023-09-20T15:51:35","guid":{"rendered":"https:\/\/japerezcomposer.com\/?post_type=product&#038;p=22299"},"modified":"2026-01-19T14:18:32","modified_gmt":"2026-01-19T13:18:32","slug":"nuvole-bianche","status":"publish","type":"product","link":"https:\/\/japerezmusic.com\/en\/clarinet-quartet-arrangements\/nuvole-bianche\/","title":{"rendered":"Nuvole Bianche"},"content":{"rendered":"<p><strong>Composer:<\/strong> Ludovico Einaudi<\/p>\n<p><strong>Arranger:<\/strong>\u00a0Juan A. P\u00e9rez<\/p>\n<p><strong>Instrumentation:<\/strong>\u00a0Clarinet Quartet<\/p>\n<p><strong>Level:<\/strong> 2<\/p>\n<p><strong>Duration:<\/strong> 3:45<\/p>","protected":false},"excerpt":{"rendered":"<p>Arrangement for <strong>clarinet quartet<\/strong> of <strong>Nuvole Bianche<\/strong>, composed by <strong>Ludovico Einaudi<\/strong>. <em data-start=\"2335\" data-end=\"2351\">Nuvole Bianche<\/em> is a signature composition known for its lyrical melody and evocative atmosphere, qualities that are fully preserved in this version for clarinet quartet. This arrangement offers clarinetists the chance to explore contemporary music through accessible and heartfelt repertoire. Ideal for recitals, chamber music concerts, and performances seeking an intimate and emotional interpretation, this arrangement captures the minimalist essence and musical sensitivity that have made Einaudi famous worldwide.<\/p>\n<p>Arreglo para <strong>cuarteto de clarinete<\/strong> del tema <strong>Nuvole Bianche<\/strong>, compuesto por <strong>Ludovico Einaudi<\/strong>. <em data-start=\"871\" data-end=\"887\">Nuvole Bianche<\/em> es una composici\u00f3n emblem\u00e1tica que destaca por su melod\u00eda l\u00edrica y su atm\u00f3sfera evocadora, caracter\u00edsticas que se mantienen intactas en esta versi\u00f3n para cuarteto de clarinete. Este arreglo ofrece a los clarinetistas la oportunidad de explorar la m\u00fasica contempor\u00e1nea con un repertorio accesible y lleno de sentimiento. Perfecto para recitales, conciertos de c\u00e1mara y eventos donde se busque una interpretaci\u00f3n \u00edntima y emotiva, este arreglo captura la esencia del minimalismo y la sensibilidad musical que han hecho famoso a Einaudi en todo el mundo.<\/p>","protected":false},"featured_media":22304,"template":"","meta":{"site-sidebar-layout":"default","site-content-layout":"default","ast-site-content-layout":"default","site-content-style":"default","site-sidebar-style":"default","ast-global-header-display":"","ast-banner-title-visibility":"","ast-main-header-display":"","ast-hfb-above-header-display":"","ast-hfb-below-header-display":"","ast-hfb-mobile-header-display":"","site-post-title":"","ast-breadcrumbs-content":"","ast-featured-img":"","footer-sml-layout":"","ast-disable-related-posts":"","theme-transparent-header-meta":"default","adv-header-id-meta":"","stick-header-meta":"","header-above-stick-meta":"","header-main-stick-meta":"","header-below-stick-meta":"","astra-migrate-meta-layouts":"set","ast-page-background-enabled":"default","ast-page-background-meta":{"desktop":{"background-color":"var(--ast-global-color-4)","background-image":"","background-repeat":"repeat","background-position":"center center","background-size":"auto","background-attachment":"scroll","background-type":"","background-media":"","overlay-type":"","overlay-color":"","overlay-opacity":"","overlay-gradient":""},"tablet":{"background-color":"","background-image":"","background-repeat":"repeat","background-position":"center center","background-size":"auto","background-attachment":"scroll","background-type":"","background-media":"","overlay-type":"","overlay-color":"","overlay-opacity":"","overlay-gradient":""},"mobile":{"background-color":"","background-image":"","background-repeat":"repeat","background-position":"center center","background-size":"auto","background-attachment":"scroll","background-type":"","background-media":"","overlay-type":"","overlay-color":"","overlay-opacity":"","overlay-gradient":""}},"ast-content-background-meta":{"desktop":{"background-color":"var(--ast-global-color-5)","background-image":"","background-repeat":"repeat","background-position":"center center","background-size":"auto","background-attachment":"scroll","background-type":"","background-media":"","overlay-type":"","overlay-color":"","overlay-opacity":"","overlay-gradient":""},"tablet":{"background-color":"var(--ast-global-color-5)","background-image":"","background-repeat":"repeat","background-position":"center center","background-size":"auto","background-attachment":"scroll","background-type":"","background-media":"","overlay-type":"","overlay-color":"","overlay-opacity":"","overlay-gradient":""},"mobile":{"background-color":"var(--ast-global-color-5)","background-image":"","background-repeat":"repeat","background-position":"center center","background-size":"auto","background-attachment":"scroll","background-type":"","background-media":"","overlay-type":"","overlay-color":"","overlay-opacity":"","overlay-gradient":""}}},"product_brand":[],"product_cat":[89],"product_tag":[],"class_list":{"0":"post-22299","1":"product","2":"type-product","3":"status-publish","4":"has-post-thumbnail","6":"product_cat-clarinet-quartet-arrangements","7":"desktop-align-left","8":"tablet-align-left","9":"mobile-align-left","11":"first","12":"instock","13":"downloadable","14":"shipping-taxable","15":"purchasable","16":"product-type-simple"},"yoast_head":"<!-- This site is optimized with the Yoast SEO plugin v27.4 - https:\/\/yoast.com\/product\/yoast-seo-wordpress\/ -->\n<title>Clarinet Quartet: Nuvole Bianche by Ludovico Einaudi | Juan A. P\u00e9rez<\/title>\n<meta name=\"description\" content=\"Arrangement for clarinet quartet of Nuvole Bianche, composed by Ludovico Einaudi.\u00a0\" \/>\n<meta name=\"robots\" content=\"index, follow, max-snippet:-1, max-image-preview:large, max-video-preview:-1\" \/>\n<link rel=\"canonical\" href=\"https:\/\/japerezmusic.com\/en\/clarinet-quartet-arrangements\/nuvole-bianche\/\" \/>\n<meta property=\"og:locale\" content=\"en_GB\" \/>\n<meta property=\"og:type\" content=\"article\" \/>\n<meta property=\"og:title\" content=\"Clarinet Quartet: Nuvole Bianche by Ludovico Einaudi | Juan A. P\u00e9rez\" \/>\n<meta property=\"og:description\" content=\"Arrangement for clarinet quartet of Nuvole Bianche, composed by Ludovico Einaudi.\u00a0\" \/>\n<meta property=\"og:url\" content=\"https:\/\/japerezmusic.com\/en\/clarinet-quartet-arrangements\/nuvole-bianche\/\" \/>\n<meta property=\"article:modified_time\" content=\"2026-01-19T13:18:32+00:00\" \/>\n<meta property=\"og:image\" content=\"https:\/\/japerezmusic.com\/wp-content\/uploads\/2023\/09\/nuvole-bianche.jpg\" \/>\n\t<meta property=\"og:image:width\" content=\"667\" \/>\n\t<meta property=\"og:image:height\" content=\"876\" \/>\n\t<meta property=\"og:image:type\" content=\"image\/jpeg\" \/>\n<meta name=\"twitter:card\" content=\"summary_large_image\" \/>\n<meta name=\"twitter:label1\" content=\"Estimated reading time\" \/>\n\t<meta name=\"twitter:data1\" content=\"1 minute\" \/>\n<script type=\"application\/ld+json\" class=\"yoast-schema-graph\">{\"@context\":\"https:\\\/\\\/schema.org\",\"@graph\":[{\"@type\":\"WebPage\",\"@id\":\"https:\\\/\\\/japerezmusic.com\\\/clarinet-quartet-arrangements\\\/nuvole-bianche\\\/\",\"url\":\"https:\\\/\\\/japerezmusic.com\\\/clarinet-quartet-arrangements\\\/nuvole-bianche\\\/\",\"name\":\"Clarinet Quartet: Nuvole Bianche by Ludovico Einaudi | Juan A. P\u00e9rez\",\"isPartOf\":{\"@id\":\"https:\\\/\\\/japerezmusic.com\\\/#website\"},\"primaryImageOfPage\":{\"@id\":\"https:\\\/\\\/japerezmusic.com\\\/clarinet-quartet-arrangements\\\/nuvole-bianche\\\/#primaryimage\"},\"image\":{\"@id\":\"https:\\\/\\\/japerezmusic.com\\\/clarinet-quartet-arrangements\\\/nuvole-bianche\\\/#primaryimage\"},\"thumbnailUrl\":\"https:\\\/\\\/japerezmusic.com\\\/wp-content\\\/uploads\\\/2023\\\/09\\\/nuvole-bianche.jpg\",\"datePublished\":\"2023-09-20T15:51:35+00:00\",\"dateModified\":\"2026-01-19T13:18:32+00:00\",\"description\":\"Arrangement for clarinet quartet of Nuvole Bianche, composed by Ludovico Einaudi.\u00a0\",\"breadcrumb\":{\"@id\":\"https:\\\/\\\/japerezmusic.com\\\/clarinet-quartet-arrangements\\\/nuvole-bianche\\\/#breadcrumb\"},\"inLanguage\":\"en-GB\",\"potentialAction\":[{\"@type\":\"ReadAction\",\"target\":[\"https:\\\/\\\/japerezmusic.com\\\/clarinet-quartet-arrangements\\\/nuvole-bianche\\\/\"]}]},{\"@type\":\"ImageObject\",\"inLanguage\":\"en-GB\",\"@id\":\"https:\\\/\\\/japerezmusic.com\\\/clarinet-quartet-arrangements\\\/nuvole-bianche\\\/#primaryimage\",\"url\":\"https:\\\/\\\/japerezmusic.com\\\/wp-content\\\/uploads\\\/2023\\\/09\\\/nuvole-bianche.jpg\",\"contentUrl\":\"https:\\\/\\\/japerezmusic.com\\\/wp-content\\\/uploads\\\/2023\\\/09\\\/nuvole-bianche.jpg\",\"width\":667,\"height\":876},{\"@type\":\"BreadcrumbList\",\"@id\":\"https:\\\/\\\/japerezmusic.com\\\/clarinet-quartet-arrangements\\\/nuvole-bianche\\\/#breadcrumb\",\"itemListElement\":[{\"@type\":\"ListItem\",\"position\":1,\"name\":\"Portada\",\"item\":\"https:\\\/\\\/japerezmusic.com\\\/\"},{\"@type\":\"ListItem\",\"position\":2,\"name\":\"Tienda\",\"item\":\"https:\\\/\\\/japerezmusic.com\\\/tienda\\\/\"},{\"@type\":\"ListItem\",\"position\":3,\"name\":\"Nuvole Bianche\"}]},{\"@type\":\"WebSite\",\"@id\":\"https:\\\/\\\/japerezmusic.com\\\/#website\",\"url\":\"https:\\\/\\\/japerezmusic.com\\\/\",\"name\":\"\",\"description\":\"\",\"publisher\":{\"@id\":\"https:\\\/\\\/japerezmusic.com\\\/#\\\/schema\\\/person\\\/6093ed30b3bf599c024733a29c42efe1\"},\"potentialAction\":[{\"@type\":\"SearchAction\",\"target\":{\"@type\":\"EntryPoint\",\"urlTemplate\":\"https:\\\/\\\/japerezmusic.com\\\/?s={search_term_string}\"},\"query-input\":{\"@type\":\"PropertyValueSpecification\",\"valueRequired\":true,\"valueName\":\"search_term_string\"}}],\"inLanguage\":\"en-GB\"},{\"@type\":[\"Person\",\"Organization\"],\"@id\":\"https:\\\/\\\/japerezmusic.com\\\/#\\\/schema\\\/person\\\/6093ed30b3bf599c024733a29c42efe1\",\"name\":\"Juan A P\u00e9rez\",\"image\":{\"@type\":\"ImageObject\",\"inLanguage\":\"en-GB\",\"@id\":\"https:\\\/\\\/secure.gravatar.com\\\/avatar\\\/ca9baf1f5798850e155e99c331bc491e839376d5d36dc8ee3ea50cb161eb49d2?s=96&d=mm&r=g\",\"url\":\"https:\\\/\\\/secure.gravatar.com\\\/avatar\\\/ca9baf1f5798850e155e99c331bc491e839376d5d36dc8ee3ea50cb161eb49d2?s=96&d=mm&r=g\",\"contentUrl\":\"https:\\\/\\\/secure.gravatar.com\\\/avatar\\\/ca9baf1f5798850e155e99c331bc491e839376d5d36dc8ee3ea50cb161eb49d2?s=96&d=mm&r=g\",\"caption\":\"Juan A P\u00e9rez\"},\"logo\":{\"@id\":\"https:\\\/\\\/secure.gravatar.com\\\/avatar\\\/ca9baf1f5798850e155e99c331bc491e839376d5d36dc8ee3ea50cb161eb49d2?s=96&d=mm&r=g\"},\"sameAs\":[\"http:\\\/\\\/japerezcomposer.com\"]}]}<\/script>\n<!-- \/ Yoast SEO plugin. -->","yoast_head_json":{"title":"Clarinet Quartet: Nuvole Bianche by Ludovico Einaudi | Juan A. P\u00e9rez","description":"Arrangement for clarinet quartet of Nuvole Bianche, composed by Ludovico Einaudi.\u00a0","robots":{"index":"index","follow":"follow","max-snippet":"max-snippet:-1","max-image-preview":"max-image-preview:large","max-video-preview":"max-video-preview:-1"},"canonical":"https:\/\/japerezmusic.com\/en\/clarinet-quartet-arrangements\/nuvole-bianche\/","og_locale":"en_GB","og_type":"article","og_title":"Clarinet Quartet: Nuvole Bianche by Ludovico Einaudi | Juan A. P\u00e9rez","og_description":"Arrangement for clarinet quartet of Nuvole Bianche, composed by Ludovico Einaudi.\u00a0","og_url":"https:\/\/japerezmusic.com\/en\/clarinet-quartet-arrangements\/nuvole-bianche\/","article_modified_time":"2026-01-19T13:18:32+00:00","og_image":[{"width":667,"height":876,"url":"https:\/\/japerezmusic.com\/wp-content\/uploads\/2023\/09\/nuvole-bianche.jpg","type":"image\/jpeg"}],"twitter_card":"summary_large_image","twitter_misc":{"Estimated reading time":"1 minute"},"schema":{"@context":"https:\/\/schema.org","@graph":[{"@type":"WebPage","@id":"https:\/\/japerezmusic.com\/clarinet-quartet-arrangements\/nuvole-bianche\/","url":"https:\/\/japerezmusic.com\/clarinet-quartet-arrangements\/nuvole-bianche\/","name":"Clarinet Quartet: Nuvole Bianche by Ludovico Einaudi | Juan A. P\u00e9rez","isPartOf":{"@id":"https:\/\/japerezmusic.com\/#website"},"primaryImageOfPage":{"@id":"https:\/\/japerezmusic.com\/clarinet-quartet-arrangements\/nuvole-bianche\/#primaryimage"},"image":{"@id":"https:\/\/japerezmusic.com\/clarinet-quartet-arrangements\/nuvole-bianche\/#primaryimage"},"thumbnailUrl":"https:\/\/japerezmusic.com\/wp-content\/uploads\/2023\/09\/nuvole-bianche.jpg","datePublished":"2023-09-20T15:51:35+00:00","dateModified":"2026-01-19T13:18:32+00:00","description":"Arrangement for clarinet quartet of Nuvole Bianche, composed by Ludovico Einaudi.\u00a0","breadcrumb":{"@id":"https:\/\/japerezmusic.com\/clarinet-quartet-arrangements\/nuvole-bianche\/#breadcrumb"},"inLanguage":"en-GB","potentialAction":[{"@type":"ReadAction","target":["https:\/\/japerezmusic.com\/clarinet-quartet-arrangements\/nuvole-bianche\/"]}]},{"@type":"ImageObject","inLanguage":"en-GB","@id":"https:\/\/japerezmusic.com\/clarinet-quartet-arrangements\/nuvole-bianche\/#primaryimage","url":"https:\/\/japerezmusic.com\/wp-content\/uploads\/2023\/09\/nuvole-bianche.jpg","contentUrl":"https:\/\/japerezmusic.com\/wp-content\/uploads\/2023\/09\/nuvole-bianche.jpg","width":667,"height":876},{"@type":"BreadcrumbList","@id":"https:\/\/japerezmusic.com\/clarinet-quartet-arrangements\/nuvole-bianche\/#breadcrumb","itemListElement":[{"@type":"ListItem","position":1,"name":"Portada","item":"https:\/\/japerezmusic.com\/"},{"@type":"ListItem","position":2,"name":"Tienda","item":"https:\/\/japerezmusic.com\/tienda\/"},{"@type":"ListItem","position":3,"name":"Nuvole Bianche"}]},{"@type":"WebSite","@id":"https:\/\/japerezmusic.com\/#website","url":"https:\/\/japerezmusic.com\/","name":"","description":"","publisher":{"@id":"https:\/\/japerezmusic.com\/#\/schema\/person\/6093ed30b3bf599c024733a29c42efe1"},"potentialAction":[{"@type":"SearchAction","target":{"@type":"EntryPoint","urlTemplate":"https:\/\/japerezmusic.com\/?s={search_term_string}"},"query-input":{"@type":"PropertyValueSpecification","valueRequired":true,"valueName":"search_term_string"}}],"inLanguage":"en-GB"},{"@type":["Person","Organization"],"@id":"https:\/\/japerezmusic.com\/#\/schema\/person\/6093ed30b3bf599c024733a29c42efe1","name":"Juan A P\u00e9rez","image":{"@type":"ImageObject","inLanguage":"en-GB","@id":"https:\/\/secure.gravatar.com\/avatar\/ca9baf1f5798850e155e99c331bc491e839376d5d36dc8ee3ea50cb161eb49d2?s=96&d=mm&r=g","url":"https:\/\/secure.gravatar.com\/avatar\/ca9baf1f5798850e155e99c331bc491e839376d5d36dc8ee3ea50cb161eb49d2?s=96&d=mm&r=g","contentUrl":"https:\/\/secure.gravatar.com\/avatar\/ca9baf1f5798850e155e99c331bc491e839376d5d36dc8ee3ea50cb161eb49d2?s=96&d=mm&r=g","caption":"Juan A P\u00e9rez"},"logo":{"@id":"https:\/\/secure.gravatar.com\/avatar\/ca9baf1f5798850e155e99c331bc491e839376d5d36dc8ee3ea50cb161eb49d2?s=96&d=mm&r=g"},"sameAs":["http:\/\/japerezcomposer.com"]}]}},"_links":{"self":[{"href":"https:\/\/japerezmusic.com\/en\/wp-json\/wp\/v2\/product\/22299","targetHints":{"allow":["GET"]}}],"collection":[{"href":"https:\/\/japerezmusic.com\/en\/wp-json\/wp\/v2\/product"}],"about":[{"href":"https:\/\/japerezmusic.com\/en\/wp-json\/wp\/v2\/types\/product"}],"version-history":[{"count":0,"href":"https:\/\/japerezmusic.com\/en\/wp-json\/wp\/v2\/product\/22299\/revisions"}],"wp:featuredmedia":[{"embeddable":true,"href":"https:\/\/japerezmusic.com\/en\/wp-json\/wp\/v2\/media\/22304"}],"wp:attachment":[{"href":"https:\/\/japerezmusic.com\/en\/wp-json\/wp\/v2\/media?parent=22299"}],"wp:term":[{"taxonomy":"product_brand","embeddable":true,"href":"https:\/\/japerezmusic.com\/en\/wp-json\/wp\/v2\/product_brand?post=22299"},{"taxonomy":"product_cat","embeddable":true,"href":"https:\/\/japerezmusic.com\/en\/wp-json\/wp\/v2\/product_cat?post=22299"},{"taxonomy":"product_tag","embeddable":true,"href":"https:\/\/japerezmusic.com\/en\/wp-json\/wp\/v2\/product_tag?post=22299"}],"curies":[{"name":"wp","href":"https:\/\/api.w.org\/{rel}","templated":true}]}}