{"id":25160,"date":"2025-08-18T13:38:08","date_gmt":"2025-08-18T12:38:08","guid":{"rendered":"https:\/\/japerezmusic.com\/?post_type=product&#038;p=25160"},"modified":"2026-01-19T12:25:19","modified_gmt":"2026-01-19T11:25:19","slug":"il-divo-in-concert","status":"publish","type":"product","link":"https:\/\/japerezmusic.com\/en\/clarinet-quartet-arrangements\/il-divo-in-concert\/","title":{"rendered":"Il Divo in Concert"},"content":{"rendered":"<p><strong>Composer:<\/strong> Various Artists<\/p>\n<p><strong>Arranger:<\/strong>\u00a0Juan A. P\u00e9rez<\/p>\n<p><strong>Instrumentation:<\/strong>\u00a0Clarinet Quartet<\/p>\n<p><strong>Level:<\/strong> 3<\/p>\n<p><strong>Duration:<\/strong> 4:28<\/p>","protected":false},"excerpt":{"rendered":"<p>Arrangement for <strong>clarinet quartet<\/strong> of several songs by the famous group <strong>Il Divo<\/strong>. The songs included are Mama, Heroe and Unbreak My Heart. Il Divo is known for its musical mix and fusion of opera with songs from different genres such as latin music, pop, boleros, folk, tangos\u2026<\/p>\n<p>Arreglo para <strong>cuarteto de clarinete<\/strong>\u00a0de varias canciones del famoso grupo <strong>Il Divo<\/strong>. Las canciones inclu\u00eddas son Mama, Heroe y Unbreak My Heart. Il Divo es conocido por su mezcla musical y fusi\u00f3n de \u00f3pera con canciones de diferentes g\u00e9neros, como m\u00fasica latina, pop, boleros, folk, tangos&#8230;<\/p>","protected":false},"featured_media":25162,"template":"","meta":{"site-sidebar-layout":"default","site-content-layout":"default","ast-site-content-layout":"default","site-content-style":"default","site-sidebar-style":"default","ast-global-header-display":"","ast-banner-title-visibility":"","ast-main-header-display":"","ast-hfb-above-header-display":"","ast-hfb-below-header-display":"","ast-hfb-mobile-header-display":"","site-post-title":"","ast-breadcrumbs-content":"","ast-featured-img":"","footer-sml-layout":"","ast-disable-related-posts":"","theme-transparent-header-meta":"default","adv-header-id-meta":"","stick-header-meta":"","header-above-stick-meta":"","header-main-stick-meta":"","header-below-stick-meta":"","astra-migrate-meta-layouts":"set","ast-page-background-enabled":"default","ast-page-background-meta":{"desktop":{"background-color":"var(--ast-global-color-4)","background-image":"","background-repeat":"repeat","background-position":"center center","background-size":"auto","background-attachment":"scroll","background-type":"","background-media":"","overlay-type":"","overlay-color":"","overlay-opacity":"","overlay-gradient":""},"tablet":{"background-color":"","background-image":"","background-repeat":"repeat","background-position":"center center","background-size":"auto","background-attachment":"scroll","background-type":"","background-media":"","overlay-type":"","overlay-color":"","overlay-opacity":"","overlay-gradient":""},"mobile":{"background-color":"","background-image":"","background-repeat":"repeat","background-position":"center center","background-size":"auto","background-attachment":"scroll","background-type":"","background-media":"","overlay-type":"","overlay-color":"","overlay-opacity":"","overlay-gradient":""}},"ast-content-background-meta":{"desktop":{"background-color":"var(--ast-global-color-5)","background-image":"","background-repeat":"repeat","background-position":"center center","background-size":"auto","background-attachment":"scroll","background-type":"","background-media":"","overlay-type":"","overlay-color":"","overlay-opacity":"","overlay-gradient":""},"tablet":{"background-color":"var(--ast-global-color-5)","background-image":"","background-repeat":"repeat","background-position":"center center","background-size":"auto","background-attachment":"scroll","background-type":"","background-media":"","overlay-type":"","overlay-color":"","overlay-opacity":"","overlay-gradient":""},"mobile":{"background-color":"var(--ast-global-color-5)","background-image":"","background-repeat":"repeat","background-position":"center center","background-size":"auto","background-attachment":"scroll","background-type":"","background-media":"","overlay-type":"","overlay-color":"","overlay-opacity":"","overlay-gradient":""}}},"product_brand":[],"product_cat":[89],"product_tag":[],"class_list":{"0":"post-25160","1":"product","2":"type-product","3":"status-publish","4":"has-post-thumbnail","6":"product_cat-clarinet-quartet-arrangements","7":"desktop-align-left","8":"tablet-align-left","9":"mobile-align-left","11":"first","12":"instock","13":"downloadable","14":"shipping-taxable","15":"purchasable","16":"product-type-simple"},"yoast_head":"<!-- This site is optimized with the Yoast SEO plugin v27.3 - https:\/\/yoast.com\/product\/yoast-seo-wordpress\/ -->\n<title>Clarinet Quartet: Il Divo in Concert, by Juan A. P\u00e9rez | Juan A. P\u00e9rez<\/title>\n<meta name=\"description\" content=\"Pop in Concert is a medley for clarinet quartet of songs from the 90s-2000s. The arrangement includes the songs Zapatillas by El Canto del Loco, La Camisa Negra by Juanes, Coraz\u00f3n Part\u00edo by Alejandro Sanz and Mu\u00f1eca de Trapo by La oreja de Van Gogh.\" \/>\n<meta name=\"robots\" content=\"index, follow, max-snippet:-1, max-image-preview:large, max-video-preview:-1\" \/>\n<link rel=\"canonical\" href=\"https:\/\/japerezmusic.com\/en\/clarinet-quartet-arrangements\/il-divo-in-concert\/\" \/>\n<meta property=\"og:locale\" content=\"en_GB\" \/>\n<meta property=\"og:type\" content=\"article\" \/>\n<meta property=\"og:title\" content=\"Clarinet Quartet: Il Divo in Concert, by Juan A. P\u00e9rez | Juan A. P\u00e9rez\" \/>\n<meta property=\"og:description\" content=\"Pop in Concert is a medley for clarinet quartet of songs from the 90s-2000s. The arrangement includes the songs Zapatillas by El Canto del Loco, La Camisa Negra by Juanes, Coraz\u00f3n Part\u00edo by Alejandro Sanz and Mu\u00f1eca de Trapo by La oreja de Van Gogh.\" \/>\n<meta property=\"og:url\" content=\"https:\/\/japerezmusic.com\/en\/clarinet-quartet-arrangements\/il-divo-in-concert\/\" \/>\n<meta property=\"article:modified_time\" content=\"2026-01-19T11:25:19+00:00\" \/>\n<meta property=\"og:image\" content=\"https:\/\/japerezmusic.com\/wp-content\/uploads\/2025\/08\/Il-Divo-in-Concert.jpg\" \/>\n\t<meta property=\"og:image:width\" content=\"566\" \/>\n\t<meta property=\"og:image:height\" content=\"800\" \/>\n\t<meta property=\"og:image:type\" content=\"image\/jpeg\" \/>\n<meta name=\"twitter:card\" content=\"summary_large_image\" \/>\n<meta name=\"twitter:label1\" content=\"Estimated reading time\" \/>\n\t<meta name=\"twitter:data1\" content=\"1 minute\" \/>\n<script type=\"application\/ld+json\" class=\"yoast-schema-graph\">{\"@context\":\"https:\\\/\\\/schema.org\",\"@graph\":[{\"@type\":\"WebPage\",\"@id\":\"https:\\\/\\\/japerezmusic.com\\\/clarinet-quartet-arrangements\\\/il-divo-in-concert\\\/\",\"url\":\"https:\\\/\\\/japerezmusic.com\\\/clarinet-quartet-arrangements\\\/il-divo-in-concert\\\/\",\"name\":\"Clarinet Quartet: Il Divo in Concert, by Juan A. P\u00e9rez | Juan A. P\u00e9rez\",\"isPartOf\":{\"@id\":\"https:\\\/\\\/japerezmusic.com\\\/#website\"},\"primaryImageOfPage\":{\"@id\":\"https:\\\/\\\/japerezmusic.com\\\/clarinet-quartet-arrangements\\\/il-divo-in-concert\\\/#primaryimage\"},\"image\":{\"@id\":\"https:\\\/\\\/japerezmusic.com\\\/clarinet-quartet-arrangements\\\/il-divo-in-concert\\\/#primaryimage\"},\"thumbnailUrl\":\"https:\\\/\\\/japerezmusic.com\\\/wp-content\\\/uploads\\\/2025\\\/08\\\/Il-Divo-in-Concert.jpg\",\"datePublished\":\"2025-08-18T12:38:08+00:00\",\"dateModified\":\"2026-01-19T11:25:19+00:00\",\"description\":\"Pop in Concert is a medley for clarinet quartet of songs from the 90s-2000s. The arrangement includes the songs Zapatillas by El Canto del Loco, La Camisa Negra by Juanes, Coraz\u00f3n Part\u00edo by Alejandro Sanz and Mu\u00f1eca de Trapo by La oreja de Van Gogh.\",\"breadcrumb\":{\"@id\":\"https:\\\/\\\/japerezmusic.com\\\/clarinet-quartet-arrangements\\\/il-divo-in-concert\\\/#breadcrumb\"},\"inLanguage\":\"en-GB\",\"potentialAction\":[{\"@type\":\"ReadAction\",\"target\":[\"https:\\\/\\\/japerezmusic.com\\\/clarinet-quartet-arrangements\\\/il-divo-in-concert\\\/\"]}]},{\"@type\":\"ImageObject\",\"inLanguage\":\"en-GB\",\"@id\":\"https:\\\/\\\/japerezmusic.com\\\/clarinet-quartet-arrangements\\\/il-divo-in-concert\\\/#primaryimage\",\"url\":\"https:\\\/\\\/japerezmusic.com\\\/wp-content\\\/uploads\\\/2025\\\/08\\\/Il-Divo-in-Concert.jpg\",\"contentUrl\":\"https:\\\/\\\/japerezmusic.com\\\/wp-content\\\/uploads\\\/2025\\\/08\\\/Il-Divo-in-Concert.jpg\",\"width\":566,\"height\":800},{\"@type\":\"BreadcrumbList\",\"@id\":\"https:\\\/\\\/japerezmusic.com\\\/clarinet-quartet-arrangements\\\/il-divo-in-concert\\\/#breadcrumb\",\"itemListElement\":[{\"@type\":\"ListItem\",\"position\":1,\"name\":\"Portada\",\"item\":\"https:\\\/\\\/japerezmusic.com\\\/\"},{\"@type\":\"ListItem\",\"position\":2,\"name\":\"Tienda\",\"item\":\"https:\\\/\\\/japerezmusic.com\\\/tienda\\\/\"},{\"@type\":\"ListItem\",\"position\":3,\"name\":\"Il Divo in Concert\"}]},{\"@type\":\"WebSite\",\"@id\":\"https:\\\/\\\/japerezmusic.com\\\/#website\",\"url\":\"https:\\\/\\\/japerezmusic.com\\\/\",\"name\":\"\",\"description\":\"\",\"publisher\":{\"@id\":\"https:\\\/\\\/japerezmusic.com\\\/#\\\/schema\\\/person\\\/6093ed30b3bf599c024733a29c42efe1\"},\"potentialAction\":[{\"@type\":\"SearchAction\",\"target\":{\"@type\":\"EntryPoint\",\"urlTemplate\":\"https:\\\/\\\/japerezmusic.com\\\/?s={search_term_string}\"},\"query-input\":{\"@type\":\"PropertyValueSpecification\",\"valueRequired\":true,\"valueName\":\"search_term_string\"}}],\"inLanguage\":\"en-GB\"},{\"@type\":[\"Person\",\"Organization\"],\"@id\":\"https:\\\/\\\/japerezmusic.com\\\/#\\\/schema\\\/person\\\/6093ed30b3bf599c024733a29c42efe1\",\"name\":\"Juan A P\u00e9rez\",\"image\":{\"@type\":\"ImageObject\",\"inLanguage\":\"en-GB\",\"@id\":\"https:\\\/\\\/secure.gravatar.com\\\/avatar\\\/ca9baf1f5798850e155e99c331bc491e839376d5d36dc8ee3ea50cb161eb49d2?s=96&d=mm&r=g\",\"url\":\"https:\\\/\\\/secure.gravatar.com\\\/avatar\\\/ca9baf1f5798850e155e99c331bc491e839376d5d36dc8ee3ea50cb161eb49d2?s=96&d=mm&r=g\",\"contentUrl\":\"https:\\\/\\\/secure.gravatar.com\\\/avatar\\\/ca9baf1f5798850e155e99c331bc491e839376d5d36dc8ee3ea50cb161eb49d2?s=96&d=mm&r=g\",\"caption\":\"Juan A P\u00e9rez\"},\"logo\":{\"@id\":\"https:\\\/\\\/secure.gravatar.com\\\/avatar\\\/ca9baf1f5798850e155e99c331bc491e839376d5d36dc8ee3ea50cb161eb49d2?s=96&d=mm&r=g\"},\"sameAs\":[\"http:\\\/\\\/japerezcomposer.com\"]}]}<\/script>\n<!-- \/ Yoast SEO plugin. -->","yoast_head_json":{"title":"Clarinet Quartet: Il Divo in Concert, by Juan A. P\u00e9rez | Juan A. P\u00e9rez","description":"Pop in Concert is a medley for clarinet quartet of songs from the 90s-2000s. The arrangement includes the songs Zapatillas by El Canto del Loco, La Camisa Negra by Juanes, Coraz\u00f3n Part\u00edo by Alejandro Sanz and Mu\u00f1eca de Trapo by La oreja de Van Gogh.","robots":{"index":"index","follow":"follow","max-snippet":"max-snippet:-1","max-image-preview":"max-image-preview:large","max-video-preview":"max-video-preview:-1"},"canonical":"https:\/\/japerezmusic.com\/en\/clarinet-quartet-arrangements\/il-divo-in-concert\/","og_locale":"en_GB","og_type":"article","og_title":"Clarinet Quartet: Il Divo in Concert, by Juan A. P\u00e9rez | Juan A. P\u00e9rez","og_description":"Pop in Concert is a medley for clarinet quartet of songs from the 90s-2000s. The arrangement includes the songs Zapatillas by El Canto del Loco, La Camisa Negra by Juanes, Coraz\u00f3n Part\u00edo by Alejandro Sanz and Mu\u00f1eca de Trapo by La oreja de Van Gogh.","og_url":"https:\/\/japerezmusic.com\/en\/clarinet-quartet-arrangements\/il-divo-in-concert\/","article_modified_time":"2026-01-19T11:25:19+00:00","og_image":[{"width":566,"height":800,"url":"https:\/\/japerezmusic.com\/wp-content\/uploads\/2025\/08\/Il-Divo-in-Concert.jpg","type":"image\/jpeg"}],"twitter_card":"summary_large_image","twitter_misc":{"Estimated reading time":"1 minute"},"schema":{"@context":"https:\/\/schema.org","@graph":[{"@type":"WebPage","@id":"https:\/\/japerezmusic.com\/clarinet-quartet-arrangements\/il-divo-in-concert\/","url":"https:\/\/japerezmusic.com\/clarinet-quartet-arrangements\/il-divo-in-concert\/","name":"Clarinet Quartet: Il Divo in Concert, by Juan A. P\u00e9rez | Juan A. P\u00e9rez","isPartOf":{"@id":"https:\/\/japerezmusic.com\/#website"},"primaryImageOfPage":{"@id":"https:\/\/japerezmusic.com\/clarinet-quartet-arrangements\/il-divo-in-concert\/#primaryimage"},"image":{"@id":"https:\/\/japerezmusic.com\/clarinet-quartet-arrangements\/il-divo-in-concert\/#primaryimage"},"thumbnailUrl":"https:\/\/japerezmusic.com\/wp-content\/uploads\/2025\/08\/Il-Divo-in-Concert.jpg","datePublished":"2025-08-18T12:38:08+00:00","dateModified":"2026-01-19T11:25:19+00:00","description":"Pop in Concert is a medley for clarinet quartet of songs from the 90s-2000s. The arrangement includes the songs Zapatillas by El Canto del Loco, La Camisa Negra by Juanes, Coraz\u00f3n Part\u00edo by Alejandro Sanz and Mu\u00f1eca de Trapo by La oreja de Van Gogh.","breadcrumb":{"@id":"https:\/\/japerezmusic.com\/clarinet-quartet-arrangements\/il-divo-in-concert\/#breadcrumb"},"inLanguage":"en-GB","potentialAction":[{"@type":"ReadAction","target":["https:\/\/japerezmusic.com\/clarinet-quartet-arrangements\/il-divo-in-concert\/"]}]},{"@type":"ImageObject","inLanguage":"en-GB","@id":"https:\/\/japerezmusic.com\/clarinet-quartet-arrangements\/il-divo-in-concert\/#primaryimage","url":"https:\/\/japerezmusic.com\/wp-content\/uploads\/2025\/08\/Il-Divo-in-Concert.jpg","contentUrl":"https:\/\/japerezmusic.com\/wp-content\/uploads\/2025\/08\/Il-Divo-in-Concert.jpg","width":566,"height":800},{"@type":"BreadcrumbList","@id":"https:\/\/japerezmusic.com\/clarinet-quartet-arrangements\/il-divo-in-concert\/#breadcrumb","itemListElement":[{"@type":"ListItem","position":1,"name":"Portada","item":"https:\/\/japerezmusic.com\/"},{"@type":"ListItem","position":2,"name":"Tienda","item":"https:\/\/japerezmusic.com\/tienda\/"},{"@type":"ListItem","position":3,"name":"Il Divo in Concert"}]},{"@type":"WebSite","@id":"https:\/\/japerezmusic.com\/#website","url":"https:\/\/japerezmusic.com\/","name":"","description":"","publisher":{"@id":"https:\/\/japerezmusic.com\/#\/schema\/person\/6093ed30b3bf599c024733a29c42efe1"},"potentialAction":[{"@type":"SearchAction","target":{"@type":"EntryPoint","urlTemplate":"https:\/\/japerezmusic.com\/?s={search_term_string}"},"query-input":{"@type":"PropertyValueSpecification","valueRequired":true,"valueName":"search_term_string"}}],"inLanguage":"en-GB"},{"@type":["Person","Organization"],"@id":"https:\/\/japerezmusic.com\/#\/schema\/person\/6093ed30b3bf599c024733a29c42efe1","name":"Juan A P\u00e9rez","image":{"@type":"ImageObject","inLanguage":"en-GB","@id":"https:\/\/secure.gravatar.com\/avatar\/ca9baf1f5798850e155e99c331bc491e839376d5d36dc8ee3ea50cb161eb49d2?s=96&d=mm&r=g","url":"https:\/\/secure.gravatar.com\/avatar\/ca9baf1f5798850e155e99c331bc491e839376d5d36dc8ee3ea50cb161eb49d2?s=96&d=mm&r=g","contentUrl":"https:\/\/secure.gravatar.com\/avatar\/ca9baf1f5798850e155e99c331bc491e839376d5d36dc8ee3ea50cb161eb49d2?s=96&d=mm&r=g","caption":"Juan A P\u00e9rez"},"logo":{"@id":"https:\/\/secure.gravatar.com\/avatar\/ca9baf1f5798850e155e99c331bc491e839376d5d36dc8ee3ea50cb161eb49d2?s=96&d=mm&r=g"},"sameAs":["http:\/\/japerezcomposer.com"]}]}},"_links":{"self":[{"href":"https:\/\/japerezmusic.com\/en\/wp-json\/wp\/v2\/product\/25160","targetHints":{"allow":["GET"]}}],"collection":[{"href":"https:\/\/japerezmusic.com\/en\/wp-json\/wp\/v2\/product"}],"about":[{"href":"https:\/\/japerezmusic.com\/en\/wp-json\/wp\/v2\/types\/product"}],"version-history":[{"count":0,"href":"https:\/\/japerezmusic.com\/en\/wp-json\/wp\/v2\/product\/25160\/revisions"}],"wp:featuredmedia":[{"embeddable":true,"href":"https:\/\/japerezmusic.com\/en\/wp-json\/wp\/v2\/media\/25162"}],"wp:attachment":[{"href":"https:\/\/japerezmusic.com\/en\/wp-json\/wp\/v2\/media?parent=25160"}],"wp:term":[{"taxonomy":"product_brand","embeddable":true,"href":"https:\/\/japerezmusic.com\/en\/wp-json\/wp\/v2\/product_brand?post=25160"},{"taxonomy":"product_cat","embeddable":true,"href":"https:\/\/japerezmusic.com\/en\/wp-json\/wp\/v2\/product_cat?post=25160"},{"taxonomy":"product_tag","embeddable":true,"href":"https:\/\/japerezmusic.com\/en\/wp-json\/wp\/v2\/product_tag?post=25160"}],"curies":[{"name":"wp","href":"https:\/\/api.w.org\/{rel}","templated":true}]}}