{"id":25910,"date":"2025-10-23T09:54:36","date_gmt":"2025-10-23T08:54:36","guid":{"rendered":"https:\/\/japerezmusic.com\/?post_type=product&#038;p=25910"},"modified":"2026-01-19T12:18:25","modified_gmt":"2026-01-19T11:18:25","slug":"tu-eres-el-orgullo-de-nuestro-pueblo","status":"publish","type":"product","link":"https:\/\/japerezmusic.com\/en\/clarinet-quartet-arrangements\/tu-eres-el-orgullo-de-nuestro-pueblo\/","title":{"rendered":"T\u00fa eres el orgullo de nuestro pueblo"},"content":{"rendered":"<p><strong>Composer:<\/strong> Pablo Ojeda<\/p>\n<p><strong>Arranger:<\/strong>\u00a0Juan A. P\u00e9rez<\/p>\n<p><strong>Instrumentation:<\/strong>\u00a0Clarinet Quartet<\/p>\n<p><strong>Level:<\/strong> 3<\/p>\n<p><strong>Duration:<\/strong> 4:37<\/p>","protected":false},"excerpt":{"rendered":"<p>Arrangement for clarinet quartet of <strong>T\u00fa eres el orgullo de nuestro pueblo<\/strong>, composed by <strong>Pablo Ojeda<\/strong>.<\/p>\n<p>Arreglo para cuarteto de clarinete de la marcha de procesi\u00f3n <strong>T\u00fa eres el orgullo de nuestro pueblo<\/strong>, compuesta por <strong>Pablo Ojeda<\/strong>.<\/p>","protected":false},"featured_media":25912,"template":"","meta":{"site-sidebar-layout":"default","site-content-layout":"default","ast-site-content-layout":"default","site-content-style":"default","site-sidebar-style":"default","ast-global-header-display":"","ast-banner-title-visibility":"","ast-main-header-display":"","ast-hfb-above-header-display":"","ast-hfb-below-header-display":"","ast-hfb-mobile-header-display":"","site-post-title":"","ast-breadcrumbs-content":"","ast-featured-img":"","footer-sml-layout":"","ast-disable-related-posts":"","theme-transparent-header-meta":"default","adv-header-id-meta":"","stick-header-meta":"","header-above-stick-meta":"","header-main-stick-meta":"","header-below-stick-meta":"","astra-migrate-meta-layouts":"set","ast-page-background-enabled":"default","ast-page-background-meta":{"desktop":{"background-color":"var(--ast-global-color-4)","background-image":"","background-repeat":"repeat","background-position":"center center","background-size":"auto","background-attachment":"scroll","background-type":"","background-media":"","overlay-type":"","overlay-color":"","overlay-opacity":"","overlay-gradient":""},"tablet":{"background-color":"","background-image":"","background-repeat":"repeat","background-position":"center center","background-size":"auto","background-attachment":"scroll","background-type":"","background-media":"","overlay-type":"","overlay-color":"","overlay-opacity":"","overlay-gradient":""},"mobile":{"background-color":"","background-image":"","background-repeat":"repeat","background-position":"center center","background-size":"auto","background-attachment":"scroll","background-type":"","background-media":"","overlay-type":"","overlay-color":"","overlay-opacity":"","overlay-gradient":""}},"ast-content-background-meta":{"desktop":{"background-color":"var(--ast-global-color-5)","background-image":"","background-repeat":"repeat","background-position":"center center","background-size":"auto","background-attachment":"scroll","background-type":"","background-media":"","overlay-type":"","overlay-color":"","overlay-opacity":"","overlay-gradient":""},"tablet":{"background-color":"var(--ast-global-color-5)","background-image":"","background-repeat":"repeat","background-position":"center center","background-size":"auto","background-attachment":"scroll","background-type":"","background-media":"","overlay-type":"","overlay-color":"","overlay-opacity":"","overlay-gradient":""},"mobile":{"background-color":"var(--ast-global-color-5)","background-image":"","background-repeat":"repeat","background-position":"center center","background-size":"auto","background-attachment":"scroll","background-type":"","background-media":"","overlay-type":"","overlay-color":"","overlay-opacity":"","overlay-gradient":""}}},"product_brand":[],"product_cat":[89],"product_tag":[],"class_list":{"0":"post-25910","1":"product","2":"type-product","3":"status-publish","4":"has-post-thumbnail","6":"product_cat-clarinet-quartet-arrangements","7":"desktop-align-left","8":"tablet-align-left","9":"mobile-align-left","11":"first","12":"instock","13":"downloadable","14":"shipping-taxable","15":"purchasable","16":"product-type-simple"},"yoast_head":"<!-- This site is optimized with the Yoast SEO plugin v27.3 - https:\/\/yoast.com\/product\/yoast-seo-wordpress\/ -->\n<title>Clarinet Quartet: T\u00fa eres el orgullo de nuestro pueblo, by Pablo Ojeda | Juan A. P\u00e9rez<\/title>\n<meta name=\"description\" content=\"Arrangement for clarinet quartet of T\u00fa eres el orgullo de nuestro pueblo, composed by Pablo Ojeda.\" \/>\n<meta name=\"robots\" content=\"index, follow, max-snippet:-1, max-image-preview:large, max-video-preview:-1\" \/>\n<link rel=\"canonical\" href=\"https:\/\/japerezmusic.com\/en\/clarinet-quartet-arrangements\/tu-eres-el-orgullo-de-nuestro-pueblo\/\" \/>\n<meta property=\"og:locale\" content=\"en_GB\" \/>\n<meta property=\"og:type\" content=\"article\" \/>\n<meta property=\"og:title\" content=\"Clarinet Quartet: T\u00fa eres el orgullo de nuestro pueblo, by Pablo Ojeda | Juan A. P\u00e9rez\" \/>\n<meta property=\"og:description\" content=\"Arrangement for clarinet quartet of T\u00fa eres el orgullo de nuestro pueblo, composed by Pablo Ojeda.\" \/>\n<meta property=\"og:url\" content=\"https:\/\/japerezmusic.com\/en\/clarinet-quartet-arrangements\/tu-eres-el-orgullo-de-nuestro-pueblo\/\" \/>\n<meta property=\"article:modified_time\" content=\"2026-01-19T11:18:25+00:00\" \/>\n<meta property=\"og:image\" content=\"https:\/\/japerezmusic.com\/wp-content\/uploads\/2025\/10\/tu-eres-el-orgullo-de-nuestro-pueblo.jpg\" \/>\n\t<meta property=\"og:image:width\" content=\"566\" \/>\n\t<meta property=\"og:image:height\" content=\"800\" \/>\n\t<meta property=\"og:image:type\" content=\"image\/jpeg\" \/>\n<meta name=\"twitter:card\" content=\"summary_large_image\" \/>\n<meta name=\"twitter:label1\" content=\"Estimated reading time\" \/>\n\t<meta name=\"twitter:data1\" content=\"1 minute\" \/>\n<script type=\"application\/ld+json\" class=\"yoast-schema-graph\">{\"@context\":\"https:\\\/\\\/schema.org\",\"@graph\":[{\"@type\":\"WebPage\",\"@id\":\"https:\\\/\\\/japerezmusic.com\\\/clarinet-quartet-arrangements\\\/tu-eres-el-orgullo-de-nuestro-pueblo\\\/\",\"url\":\"https:\\\/\\\/japerezmusic.com\\\/clarinet-quartet-arrangements\\\/tu-eres-el-orgullo-de-nuestro-pueblo\\\/\",\"name\":\"Clarinet Quartet: T\u00fa eres el orgullo de nuestro pueblo, by Pablo Ojeda | Juan A. P\u00e9rez\",\"isPartOf\":{\"@id\":\"https:\\\/\\\/japerezmusic.com\\\/#website\"},\"primaryImageOfPage\":{\"@id\":\"https:\\\/\\\/japerezmusic.com\\\/clarinet-quartet-arrangements\\\/tu-eres-el-orgullo-de-nuestro-pueblo\\\/#primaryimage\"},\"image\":{\"@id\":\"https:\\\/\\\/japerezmusic.com\\\/clarinet-quartet-arrangements\\\/tu-eres-el-orgullo-de-nuestro-pueblo\\\/#primaryimage\"},\"thumbnailUrl\":\"https:\\\/\\\/japerezmusic.com\\\/wp-content\\\/uploads\\\/2025\\\/10\\\/tu-eres-el-orgullo-de-nuestro-pueblo.jpg\",\"datePublished\":\"2025-10-23T08:54:36+00:00\",\"dateModified\":\"2026-01-19T11:18:25+00:00\",\"description\":\"Arrangement for clarinet quartet of T\u00fa eres el orgullo de nuestro pueblo, composed by Pablo Ojeda.\",\"breadcrumb\":{\"@id\":\"https:\\\/\\\/japerezmusic.com\\\/clarinet-quartet-arrangements\\\/tu-eres-el-orgullo-de-nuestro-pueblo\\\/#breadcrumb\"},\"inLanguage\":\"en-GB\",\"potentialAction\":[{\"@type\":\"ReadAction\",\"target\":[\"https:\\\/\\\/japerezmusic.com\\\/clarinet-quartet-arrangements\\\/tu-eres-el-orgullo-de-nuestro-pueblo\\\/\"]}]},{\"@type\":\"ImageObject\",\"inLanguage\":\"en-GB\",\"@id\":\"https:\\\/\\\/japerezmusic.com\\\/clarinet-quartet-arrangements\\\/tu-eres-el-orgullo-de-nuestro-pueblo\\\/#primaryimage\",\"url\":\"https:\\\/\\\/japerezmusic.com\\\/wp-content\\\/uploads\\\/2025\\\/10\\\/tu-eres-el-orgullo-de-nuestro-pueblo.jpg\",\"contentUrl\":\"https:\\\/\\\/japerezmusic.com\\\/wp-content\\\/uploads\\\/2025\\\/10\\\/tu-eres-el-orgullo-de-nuestro-pueblo.jpg\",\"width\":566,\"height\":800},{\"@type\":\"BreadcrumbList\",\"@id\":\"https:\\\/\\\/japerezmusic.com\\\/clarinet-quartet-arrangements\\\/tu-eres-el-orgullo-de-nuestro-pueblo\\\/#breadcrumb\",\"itemListElement\":[{\"@type\":\"ListItem\",\"position\":1,\"name\":\"Portada\",\"item\":\"https:\\\/\\\/japerezmusic.com\\\/\"},{\"@type\":\"ListItem\",\"position\":2,\"name\":\"Tienda\",\"item\":\"https:\\\/\\\/japerezmusic.com\\\/tienda\\\/\"},{\"@type\":\"ListItem\",\"position\":3,\"name\":\"T\u00fa eres el orgullo de nuestro pueblo\"}]},{\"@type\":\"WebSite\",\"@id\":\"https:\\\/\\\/japerezmusic.com\\\/#website\",\"url\":\"https:\\\/\\\/japerezmusic.com\\\/\",\"name\":\"\",\"description\":\"\",\"publisher\":{\"@id\":\"https:\\\/\\\/japerezmusic.com\\\/#\\\/schema\\\/person\\\/6093ed30b3bf599c024733a29c42efe1\"},\"potentialAction\":[{\"@type\":\"SearchAction\",\"target\":{\"@type\":\"EntryPoint\",\"urlTemplate\":\"https:\\\/\\\/japerezmusic.com\\\/?s={search_term_string}\"},\"query-input\":{\"@type\":\"PropertyValueSpecification\",\"valueRequired\":true,\"valueName\":\"search_term_string\"}}],\"inLanguage\":\"en-GB\"},{\"@type\":[\"Person\",\"Organization\"],\"@id\":\"https:\\\/\\\/japerezmusic.com\\\/#\\\/schema\\\/person\\\/6093ed30b3bf599c024733a29c42efe1\",\"name\":\"Juan A P\u00e9rez\",\"image\":{\"@type\":\"ImageObject\",\"inLanguage\":\"en-GB\",\"@id\":\"https:\\\/\\\/secure.gravatar.com\\\/avatar\\\/ca9baf1f5798850e155e99c331bc491e839376d5d36dc8ee3ea50cb161eb49d2?s=96&d=mm&r=g\",\"url\":\"https:\\\/\\\/secure.gravatar.com\\\/avatar\\\/ca9baf1f5798850e155e99c331bc491e839376d5d36dc8ee3ea50cb161eb49d2?s=96&d=mm&r=g\",\"contentUrl\":\"https:\\\/\\\/secure.gravatar.com\\\/avatar\\\/ca9baf1f5798850e155e99c331bc491e839376d5d36dc8ee3ea50cb161eb49d2?s=96&d=mm&r=g\",\"caption\":\"Juan A P\u00e9rez\"},\"logo\":{\"@id\":\"https:\\\/\\\/secure.gravatar.com\\\/avatar\\\/ca9baf1f5798850e155e99c331bc491e839376d5d36dc8ee3ea50cb161eb49d2?s=96&d=mm&r=g\"},\"sameAs\":[\"http:\\\/\\\/japerezcomposer.com\"]}]}<\/script>\n<!-- \/ Yoast SEO plugin. -->","yoast_head_json":{"title":"Clarinet Quartet: T\u00fa eres el orgullo de nuestro pueblo, by Pablo Ojeda | Juan A. P\u00e9rez","description":"Arrangement for clarinet quartet of T\u00fa eres el orgullo de nuestro pueblo, composed by Pablo Ojeda.","robots":{"index":"index","follow":"follow","max-snippet":"max-snippet:-1","max-image-preview":"max-image-preview:large","max-video-preview":"max-video-preview:-1"},"canonical":"https:\/\/japerezmusic.com\/en\/clarinet-quartet-arrangements\/tu-eres-el-orgullo-de-nuestro-pueblo\/","og_locale":"en_GB","og_type":"article","og_title":"Clarinet Quartet: T\u00fa eres el orgullo de nuestro pueblo, by Pablo Ojeda | Juan A. P\u00e9rez","og_description":"Arrangement for clarinet quartet of T\u00fa eres el orgullo de nuestro pueblo, composed by Pablo Ojeda.","og_url":"https:\/\/japerezmusic.com\/en\/clarinet-quartet-arrangements\/tu-eres-el-orgullo-de-nuestro-pueblo\/","article_modified_time":"2026-01-19T11:18:25+00:00","og_image":[{"width":566,"height":800,"url":"https:\/\/japerezmusic.com\/wp-content\/uploads\/2025\/10\/tu-eres-el-orgullo-de-nuestro-pueblo.jpg","type":"image\/jpeg"}],"twitter_card":"summary_large_image","twitter_misc":{"Estimated reading time":"1 minute"},"schema":{"@context":"https:\/\/schema.org","@graph":[{"@type":"WebPage","@id":"https:\/\/japerezmusic.com\/clarinet-quartet-arrangements\/tu-eres-el-orgullo-de-nuestro-pueblo\/","url":"https:\/\/japerezmusic.com\/clarinet-quartet-arrangements\/tu-eres-el-orgullo-de-nuestro-pueblo\/","name":"Clarinet Quartet: T\u00fa eres el orgullo de nuestro pueblo, by Pablo Ojeda | Juan A. P\u00e9rez","isPartOf":{"@id":"https:\/\/japerezmusic.com\/#website"},"primaryImageOfPage":{"@id":"https:\/\/japerezmusic.com\/clarinet-quartet-arrangements\/tu-eres-el-orgullo-de-nuestro-pueblo\/#primaryimage"},"image":{"@id":"https:\/\/japerezmusic.com\/clarinet-quartet-arrangements\/tu-eres-el-orgullo-de-nuestro-pueblo\/#primaryimage"},"thumbnailUrl":"https:\/\/japerezmusic.com\/wp-content\/uploads\/2025\/10\/tu-eres-el-orgullo-de-nuestro-pueblo.jpg","datePublished":"2025-10-23T08:54:36+00:00","dateModified":"2026-01-19T11:18:25+00:00","description":"Arrangement for clarinet quartet of T\u00fa eres el orgullo de nuestro pueblo, composed by Pablo Ojeda.","breadcrumb":{"@id":"https:\/\/japerezmusic.com\/clarinet-quartet-arrangements\/tu-eres-el-orgullo-de-nuestro-pueblo\/#breadcrumb"},"inLanguage":"en-GB","potentialAction":[{"@type":"ReadAction","target":["https:\/\/japerezmusic.com\/clarinet-quartet-arrangements\/tu-eres-el-orgullo-de-nuestro-pueblo\/"]}]},{"@type":"ImageObject","inLanguage":"en-GB","@id":"https:\/\/japerezmusic.com\/clarinet-quartet-arrangements\/tu-eres-el-orgullo-de-nuestro-pueblo\/#primaryimage","url":"https:\/\/japerezmusic.com\/wp-content\/uploads\/2025\/10\/tu-eres-el-orgullo-de-nuestro-pueblo.jpg","contentUrl":"https:\/\/japerezmusic.com\/wp-content\/uploads\/2025\/10\/tu-eres-el-orgullo-de-nuestro-pueblo.jpg","width":566,"height":800},{"@type":"BreadcrumbList","@id":"https:\/\/japerezmusic.com\/clarinet-quartet-arrangements\/tu-eres-el-orgullo-de-nuestro-pueblo\/#breadcrumb","itemListElement":[{"@type":"ListItem","position":1,"name":"Portada","item":"https:\/\/japerezmusic.com\/"},{"@type":"ListItem","position":2,"name":"Tienda","item":"https:\/\/japerezmusic.com\/tienda\/"},{"@type":"ListItem","position":3,"name":"T\u00fa eres el orgullo de nuestro pueblo"}]},{"@type":"WebSite","@id":"https:\/\/japerezmusic.com\/#website","url":"https:\/\/japerezmusic.com\/","name":"","description":"","publisher":{"@id":"https:\/\/japerezmusic.com\/#\/schema\/person\/6093ed30b3bf599c024733a29c42efe1"},"potentialAction":[{"@type":"SearchAction","target":{"@type":"EntryPoint","urlTemplate":"https:\/\/japerezmusic.com\/?s={search_term_string}"},"query-input":{"@type":"PropertyValueSpecification","valueRequired":true,"valueName":"search_term_string"}}],"inLanguage":"en-GB"},{"@type":["Person","Organization"],"@id":"https:\/\/japerezmusic.com\/#\/schema\/person\/6093ed30b3bf599c024733a29c42efe1","name":"Juan A P\u00e9rez","image":{"@type":"ImageObject","inLanguage":"en-GB","@id":"https:\/\/secure.gravatar.com\/avatar\/ca9baf1f5798850e155e99c331bc491e839376d5d36dc8ee3ea50cb161eb49d2?s=96&d=mm&r=g","url":"https:\/\/secure.gravatar.com\/avatar\/ca9baf1f5798850e155e99c331bc491e839376d5d36dc8ee3ea50cb161eb49d2?s=96&d=mm&r=g","contentUrl":"https:\/\/secure.gravatar.com\/avatar\/ca9baf1f5798850e155e99c331bc491e839376d5d36dc8ee3ea50cb161eb49d2?s=96&d=mm&r=g","caption":"Juan A P\u00e9rez"},"logo":{"@id":"https:\/\/secure.gravatar.com\/avatar\/ca9baf1f5798850e155e99c331bc491e839376d5d36dc8ee3ea50cb161eb49d2?s=96&d=mm&r=g"},"sameAs":["http:\/\/japerezcomposer.com"]}]}},"_links":{"self":[{"href":"https:\/\/japerezmusic.com\/en\/wp-json\/wp\/v2\/product\/25910","targetHints":{"allow":["GET"]}}],"collection":[{"href":"https:\/\/japerezmusic.com\/en\/wp-json\/wp\/v2\/product"}],"about":[{"href":"https:\/\/japerezmusic.com\/en\/wp-json\/wp\/v2\/types\/product"}],"version-history":[{"count":0,"href":"https:\/\/japerezmusic.com\/en\/wp-json\/wp\/v2\/product\/25910\/revisions"}],"wp:featuredmedia":[{"embeddable":true,"href":"https:\/\/japerezmusic.com\/en\/wp-json\/wp\/v2\/media\/25912"}],"wp:attachment":[{"href":"https:\/\/japerezmusic.com\/en\/wp-json\/wp\/v2\/media?parent=25910"}],"wp:term":[{"taxonomy":"product_brand","embeddable":true,"href":"https:\/\/japerezmusic.com\/en\/wp-json\/wp\/v2\/product_brand?post=25910"},{"taxonomy":"product_cat","embeddable":true,"href":"https:\/\/japerezmusic.com\/en\/wp-json\/wp\/v2\/product_cat?post=25910"},{"taxonomy":"product_tag","embeddable":true,"href":"https:\/\/japerezmusic.com\/en\/wp-json\/wp\/v2\/product_tag?post=25910"}],"curies":[{"name":"wp","href":"https:\/\/api.w.org\/{rel}","templated":true}]}}