{"id":28140,"date":"2026-01-29T12:36:36","date_gmt":"2026-01-29T11:36:36","guid":{"rendered":"https:\/\/japerezmusic.com\/?post_type=product&#038;p=28140"},"modified":"2026-01-29T12:40:10","modified_gmt":"2026-01-29T11:40:10","slug":"kiss-the-rain-string-quartet","status":"publish","type":"product","link":"https:\/\/japerezmusic.com\/en\/chamber-music-arrangements\/kiss-the-rain-string-quartet\/","title":{"rendered":"Kiss the Rain"},"content":{"rendered":"<p><strong>Composer:<\/strong> Yiruma<\/p>\n<p><strong>Arranger:<\/strong>\u00a0Juan A. P\u00e9rez<\/p>\n<p><strong>Instrumentation:<\/strong> String Quartet<\/p>\n<p><strong>Level:<\/strong> 2<\/p>\n<p><strong>Duration:<\/strong> 4:31<\/p>","protected":false},"excerpt":{"rendered":"<p>Arrangement for <strong>string quartet<\/strong> of <strong>Kiss the Rain<\/strong>, composed by <strong>Yiruma<\/strong>. This song is one of the most famous on Yiruma. Kiss The Raing was used as the theme song for Korean drama \u201cA Moment To Remember\u00bb. The piece combines an evocative melody with an introspective atmosphere that, in this string quartet version, is kept alive through the interplay of voices and textures. This arrangement is perfect for recitals, chamber concerts, and performances seeking an intimate and emotional moment, bringing contemporary music closer to string performers and diverse audiences.<\/p>\n<p>Arreglo para <strong>cuarteto de cuerda <\/strong>de <strong>Kiss the Rain<\/strong>, compuesta por <strong>Yiruma<\/strong>. Esta canci\u00f3n es una de las m\u00e1s famosas de Yiruma. Kiss The Raing se utiliz\u00f3 como tema principal del drama coreano \u00abA Moment To Remember\u00bb. Esta pieza combina una melod\u00eda evocadora con una atm\u00f3sfera introspectiva que, en esta versi\u00f3n para cuarteto de cuerda, se mantiene viva a trav\u00e9s de la interacci\u00f3n de las voces y las texturas. Este arreglo es ideal para recitales, conciertos de c\u00e1mara y presentaciones que busquen un momento \u00edntimo y emocional, acercando la m\u00fasica contempor\u00e1nea a int\u00e9rpretes de cuerda y a audiencias diversas.<\/p>","protected":false},"featured_media":28142,"template":"","meta":{"site-sidebar-layout":"default","site-content-layout":"default","ast-site-content-layout":"default","site-content-style":"default","site-sidebar-style":"default","ast-global-header-display":"","ast-banner-title-visibility":"","ast-main-header-display":"","ast-hfb-above-header-display":"","ast-hfb-below-header-display":"","ast-hfb-mobile-header-display":"","site-post-title":"","ast-breadcrumbs-content":"","ast-featured-img":"","footer-sml-layout":"","ast-disable-related-posts":"","theme-transparent-header-meta":"default","adv-header-id-meta":"","stick-header-meta":"","header-above-stick-meta":"","header-main-stick-meta":"","header-below-stick-meta":"","astra-migrate-meta-layouts":"set","ast-page-background-enabled":"default","ast-page-background-meta":{"desktop":{"background-color":"var(--ast-global-color-4)","background-image":"","background-repeat":"repeat","background-position":"center center","background-size":"auto","background-attachment":"scroll","background-type":"","background-media":"","overlay-type":"","overlay-color":"","overlay-opacity":"","overlay-gradient":""},"tablet":{"background-color":"","background-image":"","background-repeat":"repeat","background-position":"center center","background-size":"auto","background-attachment":"scroll","background-type":"","background-media":"","overlay-type":"","overlay-color":"","overlay-opacity":"","overlay-gradient":""},"mobile":{"background-color":"","background-image":"","background-repeat":"repeat","background-position":"center center","background-size":"auto","background-attachment":"scroll","background-type":"","background-media":"","overlay-type":"","overlay-color":"","overlay-opacity":"","overlay-gradient":""}},"ast-content-background-meta":{"desktop":{"background-color":"var(--ast-global-color-5)","background-image":"","background-repeat":"repeat","background-position":"center center","background-size":"auto","background-attachment":"scroll","background-type":"","background-media":"","overlay-type":"","overlay-color":"","overlay-opacity":"","overlay-gradient":""},"tablet":{"background-color":"var(--ast-global-color-5)","background-image":"","background-repeat":"repeat","background-position":"center center","background-size":"auto","background-attachment":"scroll","background-type":"","background-media":"","overlay-type":"","overlay-color":"","overlay-opacity":"","overlay-gradient":""},"mobile":{"background-color":"var(--ast-global-color-5)","background-image":"","background-repeat":"repeat","background-position":"center center","background-size":"auto","background-attachment":"scroll","background-type":"","background-media":"","overlay-type":"","overlay-color":"","overlay-opacity":"","overlay-gradient":""}}},"product_brand":[],"product_cat":[105],"product_tag":[],"class_list":{"0":"post-28140","1":"product","2":"type-product","3":"status-publish","4":"has-post-thumbnail","6":"product_cat-chamber-music-arrangements","7":"desktop-align-left","8":"tablet-align-left","9":"mobile-align-left","11":"first","12":"instock","13":"downloadable","14":"shipping-taxable","15":"purchasable","16":"product-type-simple"},"yoast_head":"<!-- This site is optimized with the Yoast SEO plugin v27.4 - https:\/\/yoast.com\/product\/yoast-seo-wordpress\/ -->\n<title>Chamber Music: Kiss the Rain, by Yiruma | Juan A. P\u00e9rez<\/title>\n<meta name=\"description\" content=\"Arrangement for string quartet of Kiss the Rain, composed by Yiruma. This song is one of the most famous on Yiruma. Kiss The Raing was used as the theme song for Korean drama \u201cA Moment To Remember&quot;.\" \/>\n<meta name=\"robots\" content=\"index, follow, max-snippet:-1, max-image-preview:large, max-video-preview:-1\" \/>\n<link rel=\"canonical\" href=\"https:\/\/japerezmusic.com\/en\/chamber-music-arrangements\/kiss-the-rain-string-quartet\/\" \/>\n<meta property=\"og:locale\" content=\"en_GB\" \/>\n<meta property=\"og:type\" content=\"article\" \/>\n<meta property=\"og:title\" content=\"Chamber Music: Kiss the Rain, by Yiruma | Juan A. P\u00e9rez\" \/>\n<meta property=\"og:description\" content=\"Arrangement for string quartet of Kiss the Rain, composed by Yiruma. This song is one of the most famous on Yiruma. Kiss The Raing was used as the theme song for Korean drama \u201cA Moment To Remember&quot;.\" \/>\n<meta property=\"og:url\" content=\"https:\/\/japerezmusic.com\/en\/chamber-music-arrangements\/kiss-the-rain-string-quartet\/\" \/>\n<meta property=\"article:modified_time\" content=\"2026-01-29T11:40:10+00:00\" \/>\n<meta property=\"og:image\" content=\"https:\/\/japerezmusic.com\/wp-content\/uploads\/2026\/01\/Kiss-The-Rain-String-Quartet.jpg\" \/>\n\t<meta property=\"og:image:width\" content=\"566\" \/>\n\t<meta property=\"og:image:height\" content=\"800\" \/>\n\t<meta property=\"og:image:type\" content=\"image\/jpeg\" \/>\n<meta name=\"twitter:card\" content=\"summary_large_image\" \/>\n<meta name=\"twitter:label1\" content=\"Estimated reading time\" \/>\n\t<meta name=\"twitter:data1\" content=\"1 minute\" \/>\n<script type=\"application\/ld+json\" class=\"yoast-schema-graph\">{\"@context\":\"https:\\\/\\\/schema.org\",\"@graph\":[{\"@type\":\"WebPage\",\"@id\":\"https:\\\/\\\/japerezmusic.com\\\/chamber-music-arrangements\\\/kiss-the-rain-string-quartet\\\/\",\"url\":\"https:\\\/\\\/japerezmusic.com\\\/chamber-music-arrangements\\\/kiss-the-rain-string-quartet\\\/\",\"name\":\"Chamber Music: Kiss the Rain, by Yiruma | Juan A. P\u00e9rez\",\"isPartOf\":{\"@id\":\"https:\\\/\\\/japerezmusic.com\\\/#website\"},\"primaryImageOfPage\":{\"@id\":\"https:\\\/\\\/japerezmusic.com\\\/chamber-music-arrangements\\\/kiss-the-rain-string-quartet\\\/#primaryimage\"},\"image\":{\"@id\":\"https:\\\/\\\/japerezmusic.com\\\/chamber-music-arrangements\\\/kiss-the-rain-string-quartet\\\/#primaryimage\"},\"thumbnailUrl\":\"https:\\\/\\\/japerezmusic.com\\\/wp-content\\\/uploads\\\/2026\\\/01\\\/Kiss-The-Rain-String-Quartet.jpg\",\"datePublished\":\"2026-01-29T11:36:36+00:00\",\"dateModified\":\"2026-01-29T11:40:10+00:00\",\"description\":\"Arrangement for string quartet of Kiss the Rain, composed by Yiruma. This song is one of the most famous on Yiruma. Kiss The Raing was used as the theme song for Korean drama \u201cA Moment To Remember\\\".\",\"breadcrumb\":{\"@id\":\"https:\\\/\\\/japerezmusic.com\\\/chamber-music-arrangements\\\/kiss-the-rain-string-quartet\\\/#breadcrumb\"},\"inLanguage\":\"en-GB\",\"potentialAction\":[{\"@type\":\"ReadAction\",\"target\":[\"https:\\\/\\\/japerezmusic.com\\\/chamber-music-arrangements\\\/kiss-the-rain-string-quartet\\\/\"]}]},{\"@type\":\"ImageObject\",\"inLanguage\":\"en-GB\",\"@id\":\"https:\\\/\\\/japerezmusic.com\\\/chamber-music-arrangements\\\/kiss-the-rain-string-quartet\\\/#primaryimage\",\"url\":\"https:\\\/\\\/japerezmusic.com\\\/wp-content\\\/uploads\\\/2026\\\/01\\\/Kiss-The-Rain-String-Quartet.jpg\",\"contentUrl\":\"https:\\\/\\\/japerezmusic.com\\\/wp-content\\\/uploads\\\/2026\\\/01\\\/Kiss-The-Rain-String-Quartet.jpg\",\"width\":566,\"height\":800},{\"@type\":\"BreadcrumbList\",\"@id\":\"https:\\\/\\\/japerezmusic.com\\\/chamber-music-arrangements\\\/kiss-the-rain-string-quartet\\\/#breadcrumb\",\"itemListElement\":[{\"@type\":\"ListItem\",\"position\":1,\"name\":\"Portada\",\"item\":\"https:\\\/\\\/japerezmusic.com\\\/\"},{\"@type\":\"ListItem\",\"position\":2,\"name\":\"Tienda\",\"item\":\"https:\\\/\\\/japerezmusic.com\\\/tienda\\\/\"},{\"@type\":\"ListItem\",\"position\":3,\"name\":\"Kiss the Rain\"}]},{\"@type\":\"WebSite\",\"@id\":\"https:\\\/\\\/japerezmusic.com\\\/#website\",\"url\":\"https:\\\/\\\/japerezmusic.com\\\/\",\"name\":\"\",\"description\":\"\",\"publisher\":{\"@id\":\"https:\\\/\\\/japerezmusic.com\\\/#\\\/schema\\\/person\\\/6093ed30b3bf599c024733a29c42efe1\"},\"potentialAction\":[{\"@type\":\"SearchAction\",\"target\":{\"@type\":\"EntryPoint\",\"urlTemplate\":\"https:\\\/\\\/japerezmusic.com\\\/?s={search_term_string}\"},\"query-input\":{\"@type\":\"PropertyValueSpecification\",\"valueRequired\":true,\"valueName\":\"search_term_string\"}}],\"inLanguage\":\"en-GB\"},{\"@type\":[\"Person\",\"Organization\"],\"@id\":\"https:\\\/\\\/japerezmusic.com\\\/#\\\/schema\\\/person\\\/6093ed30b3bf599c024733a29c42efe1\",\"name\":\"Juan A P\u00e9rez\",\"image\":{\"@type\":\"ImageObject\",\"inLanguage\":\"en-GB\",\"@id\":\"https:\\\/\\\/secure.gravatar.com\\\/avatar\\\/ca9baf1f5798850e155e99c331bc491e839376d5d36dc8ee3ea50cb161eb49d2?s=96&d=mm&r=g\",\"url\":\"https:\\\/\\\/secure.gravatar.com\\\/avatar\\\/ca9baf1f5798850e155e99c331bc491e839376d5d36dc8ee3ea50cb161eb49d2?s=96&d=mm&r=g\",\"contentUrl\":\"https:\\\/\\\/secure.gravatar.com\\\/avatar\\\/ca9baf1f5798850e155e99c331bc491e839376d5d36dc8ee3ea50cb161eb49d2?s=96&d=mm&r=g\",\"caption\":\"Juan A P\u00e9rez\"},\"logo\":{\"@id\":\"https:\\\/\\\/secure.gravatar.com\\\/avatar\\\/ca9baf1f5798850e155e99c331bc491e839376d5d36dc8ee3ea50cb161eb49d2?s=96&d=mm&r=g\"},\"sameAs\":[\"http:\\\/\\\/japerezcomposer.com\"]}]}<\/script>\n<!-- \/ Yoast SEO plugin. -->","yoast_head_json":{"title":"Chamber Music: Kiss the Rain, by Yiruma | Juan A. P\u00e9rez","description":"Arrangement for string quartet of Kiss the Rain, composed by Yiruma. This song is one of the most famous on Yiruma. Kiss The Raing was used as the theme song for Korean drama \u201cA Moment To Remember\".","robots":{"index":"index","follow":"follow","max-snippet":"max-snippet:-1","max-image-preview":"max-image-preview:large","max-video-preview":"max-video-preview:-1"},"canonical":"https:\/\/japerezmusic.com\/en\/chamber-music-arrangements\/kiss-the-rain-string-quartet\/","og_locale":"en_GB","og_type":"article","og_title":"Chamber Music: Kiss the Rain, by Yiruma | Juan A. P\u00e9rez","og_description":"Arrangement for string quartet of Kiss the Rain, composed by Yiruma. This song is one of the most famous on Yiruma. Kiss The Raing was used as the theme song for Korean drama \u201cA Moment To Remember\".","og_url":"https:\/\/japerezmusic.com\/en\/chamber-music-arrangements\/kiss-the-rain-string-quartet\/","article_modified_time":"2026-01-29T11:40:10+00:00","og_image":[{"width":566,"height":800,"url":"https:\/\/japerezmusic.com\/wp-content\/uploads\/2026\/01\/Kiss-The-Rain-String-Quartet.jpg","type":"image\/jpeg"}],"twitter_card":"summary_large_image","twitter_misc":{"Estimated reading time":"1 minute"},"schema":{"@context":"https:\/\/schema.org","@graph":[{"@type":"WebPage","@id":"https:\/\/japerezmusic.com\/chamber-music-arrangements\/kiss-the-rain-string-quartet\/","url":"https:\/\/japerezmusic.com\/chamber-music-arrangements\/kiss-the-rain-string-quartet\/","name":"Chamber Music: Kiss the Rain, by Yiruma | Juan A. P\u00e9rez","isPartOf":{"@id":"https:\/\/japerezmusic.com\/#website"},"primaryImageOfPage":{"@id":"https:\/\/japerezmusic.com\/chamber-music-arrangements\/kiss-the-rain-string-quartet\/#primaryimage"},"image":{"@id":"https:\/\/japerezmusic.com\/chamber-music-arrangements\/kiss-the-rain-string-quartet\/#primaryimage"},"thumbnailUrl":"https:\/\/japerezmusic.com\/wp-content\/uploads\/2026\/01\/Kiss-The-Rain-String-Quartet.jpg","datePublished":"2026-01-29T11:36:36+00:00","dateModified":"2026-01-29T11:40:10+00:00","description":"Arrangement for string quartet of Kiss the Rain, composed by Yiruma. This song is one of the most famous on Yiruma. Kiss The Raing was used as the theme song for Korean drama \u201cA Moment To Remember\".","breadcrumb":{"@id":"https:\/\/japerezmusic.com\/chamber-music-arrangements\/kiss-the-rain-string-quartet\/#breadcrumb"},"inLanguage":"en-GB","potentialAction":[{"@type":"ReadAction","target":["https:\/\/japerezmusic.com\/chamber-music-arrangements\/kiss-the-rain-string-quartet\/"]}]},{"@type":"ImageObject","inLanguage":"en-GB","@id":"https:\/\/japerezmusic.com\/chamber-music-arrangements\/kiss-the-rain-string-quartet\/#primaryimage","url":"https:\/\/japerezmusic.com\/wp-content\/uploads\/2026\/01\/Kiss-The-Rain-String-Quartet.jpg","contentUrl":"https:\/\/japerezmusic.com\/wp-content\/uploads\/2026\/01\/Kiss-The-Rain-String-Quartet.jpg","width":566,"height":800},{"@type":"BreadcrumbList","@id":"https:\/\/japerezmusic.com\/chamber-music-arrangements\/kiss-the-rain-string-quartet\/#breadcrumb","itemListElement":[{"@type":"ListItem","position":1,"name":"Portada","item":"https:\/\/japerezmusic.com\/"},{"@type":"ListItem","position":2,"name":"Tienda","item":"https:\/\/japerezmusic.com\/tienda\/"},{"@type":"ListItem","position":3,"name":"Kiss the Rain"}]},{"@type":"WebSite","@id":"https:\/\/japerezmusic.com\/#website","url":"https:\/\/japerezmusic.com\/","name":"","description":"","publisher":{"@id":"https:\/\/japerezmusic.com\/#\/schema\/person\/6093ed30b3bf599c024733a29c42efe1"},"potentialAction":[{"@type":"SearchAction","target":{"@type":"EntryPoint","urlTemplate":"https:\/\/japerezmusic.com\/?s={search_term_string}"},"query-input":{"@type":"PropertyValueSpecification","valueRequired":true,"valueName":"search_term_string"}}],"inLanguage":"en-GB"},{"@type":["Person","Organization"],"@id":"https:\/\/japerezmusic.com\/#\/schema\/person\/6093ed30b3bf599c024733a29c42efe1","name":"Juan A P\u00e9rez","image":{"@type":"ImageObject","inLanguage":"en-GB","@id":"https:\/\/secure.gravatar.com\/avatar\/ca9baf1f5798850e155e99c331bc491e839376d5d36dc8ee3ea50cb161eb49d2?s=96&d=mm&r=g","url":"https:\/\/secure.gravatar.com\/avatar\/ca9baf1f5798850e155e99c331bc491e839376d5d36dc8ee3ea50cb161eb49d2?s=96&d=mm&r=g","contentUrl":"https:\/\/secure.gravatar.com\/avatar\/ca9baf1f5798850e155e99c331bc491e839376d5d36dc8ee3ea50cb161eb49d2?s=96&d=mm&r=g","caption":"Juan A P\u00e9rez"},"logo":{"@id":"https:\/\/secure.gravatar.com\/avatar\/ca9baf1f5798850e155e99c331bc491e839376d5d36dc8ee3ea50cb161eb49d2?s=96&d=mm&r=g"},"sameAs":["http:\/\/japerezcomposer.com"]}]}},"_links":{"self":[{"href":"https:\/\/japerezmusic.com\/en\/wp-json\/wp\/v2\/product\/28140","targetHints":{"allow":["GET"]}}],"collection":[{"href":"https:\/\/japerezmusic.com\/en\/wp-json\/wp\/v2\/product"}],"about":[{"href":"https:\/\/japerezmusic.com\/en\/wp-json\/wp\/v2\/types\/product"}],"version-history":[{"count":0,"href":"https:\/\/japerezmusic.com\/en\/wp-json\/wp\/v2\/product\/28140\/revisions"}],"wp:featuredmedia":[{"embeddable":true,"href":"https:\/\/japerezmusic.com\/en\/wp-json\/wp\/v2\/media\/28142"}],"wp:attachment":[{"href":"https:\/\/japerezmusic.com\/en\/wp-json\/wp\/v2\/media?parent=28140"}],"wp:term":[{"taxonomy":"product_brand","embeddable":true,"href":"https:\/\/japerezmusic.com\/en\/wp-json\/wp\/v2\/product_brand?post=28140"},{"taxonomy":"product_cat","embeddable":true,"href":"https:\/\/japerezmusic.com\/en\/wp-json\/wp\/v2\/product_cat?post=28140"},{"taxonomy":"product_tag","embeddable":true,"href":"https:\/\/japerezmusic.com\/en\/wp-json\/wp\/v2\/product_tag?post=28140"}],"curies":[{"name":"wp","href":"https:\/\/api.w.org\/{rel}","templated":true}]}}