{"id":28213,"date":"2026-01-29T14:58:40","date_gmt":"2026-01-29T13:58:40","guid":{"rendered":"https:\/\/japerezmusic.com\/?post_type=product&#038;p=28213"},"modified":"2026-01-29T15:05:00","modified_gmt":"2026-01-29T14:05:00","slug":"spring-time-string-quartet","status":"publish","type":"product","link":"https:\/\/japerezmusic.com\/en\/chamber-music-arrangements\/spring-time-string-quartet\/","title":{"rendered":"Spring Time"},"content":{"rendered":"<p><strong>Composer:<\/strong> Yiruma<\/p>\n<p><strong>Arranger:<\/strong>\u00a0Juan A. P\u00e9rez<\/p>\n<p><strong>Instrumentation:<\/strong> String Quartet<\/p>\n<p><strong>Level:<\/strong> 2<\/p>\n<p><strong>Duration:<\/strong> 4:25<\/p>","protected":false},"excerpt":{"rendered":"<p>Arrangement for <strong>string quartet<\/strong> of <strong>Spring Time<\/strong>, composed by <strong>Yiruma<\/strong>. Yiruma is well known worldwide, and his albums are sold throughout Asia, as well as in the United States and Europe. Arranged for string quartet, the main theme of <em data-start=\"2504\" data-end=\"2517\">Spring Time<\/em> is carefully distributed to preserve the soft, lyrical, and evocative atmosphere of the original composition. This arrangement is perfect for academic recitals, chamber music concerts, and performances that aim to create an intimate and expressive mood.<\/p>\n<p>Arreglo para <strong>cuarteto de cuerda <\/strong>de <strong>Spring Time<\/strong>, compuesta por <strong>Yiruma<\/strong>. Yiruma es muy conocido en todo el mundo, y sus \u00e1lbumes se venden en toda Asia, as\u00ed como en Estados Unidos y Europa. En esta versi\u00f3n para cuarteto de cuerda, la melod\u00eda principal de <em data-start=\"1008\" data-end=\"1021\">Spring Time<\/em> se reparte cuidadosamente entre las voces, manteniendo la atm\u00f3sfera suave, l\u00edrica y evocativa del original. Este arreglo es perfecto para recitales acad\u00e9micos, conciertos de c\u00e1mara y presentaciones que busquen un ambiente \u00edntimo y emotivo.<\/p>","protected":false},"featured_media":28216,"template":"","meta":{"site-sidebar-layout":"default","site-content-layout":"default","ast-site-content-layout":"default","site-content-style":"default","site-sidebar-style":"default","ast-global-header-display":"","ast-banner-title-visibility":"","ast-main-header-display":"","ast-hfb-above-header-display":"","ast-hfb-below-header-display":"","ast-hfb-mobile-header-display":"","site-post-title":"","ast-breadcrumbs-content":"","ast-featured-img":"","footer-sml-layout":"","ast-disable-related-posts":"","theme-transparent-header-meta":"default","adv-header-id-meta":"","stick-header-meta":"","header-above-stick-meta":"","header-main-stick-meta":"","header-below-stick-meta":"","astra-migrate-meta-layouts":"set","ast-page-background-enabled":"default","ast-page-background-meta":{"desktop":{"background-color":"var(--ast-global-color-4)","background-image":"","background-repeat":"repeat","background-position":"center center","background-size":"auto","background-attachment":"scroll","background-type":"","background-media":"","overlay-type":"","overlay-color":"","overlay-opacity":"","overlay-gradient":""},"tablet":{"background-color":"","background-image":"","background-repeat":"repeat","background-position":"center center","background-size":"auto","background-attachment":"scroll","background-type":"","background-media":"","overlay-type":"","overlay-color":"","overlay-opacity":"","overlay-gradient":""},"mobile":{"background-color":"","background-image":"","background-repeat":"repeat","background-position":"center center","background-size":"auto","background-attachment":"scroll","background-type":"","background-media":"","overlay-type":"","overlay-color":"","overlay-opacity":"","overlay-gradient":""}},"ast-content-background-meta":{"desktop":{"background-color":"var(--ast-global-color-5)","background-image":"","background-repeat":"repeat","background-position":"center center","background-size":"auto","background-attachment":"scroll","background-type":"","background-media":"","overlay-type":"","overlay-color":"","overlay-opacity":"","overlay-gradient":""},"tablet":{"background-color":"var(--ast-global-color-5)","background-image":"","background-repeat":"repeat","background-position":"center center","background-size":"auto","background-attachment":"scroll","background-type":"","background-media":"","overlay-type":"","overlay-color":"","overlay-opacity":"","overlay-gradient":""},"mobile":{"background-color":"var(--ast-global-color-5)","background-image":"","background-repeat":"repeat","background-position":"center center","background-size":"auto","background-attachment":"scroll","background-type":"","background-media":"","overlay-type":"","overlay-color":"","overlay-opacity":"","overlay-gradient":""}}},"product_brand":[],"product_cat":[105],"product_tag":[],"class_list":{"0":"post-28213","1":"product","2":"type-product","3":"status-publish","4":"has-post-thumbnail","6":"product_cat-chamber-music-arrangements","7":"desktop-align-left","8":"tablet-align-left","9":"mobile-align-left","11":"first","12":"instock","13":"downloadable","14":"shipping-taxable","15":"purchasable","16":"product-type-simple"},"yoast_head":"<!-- This site is optimized with the Yoast SEO plugin v27.4 - https:\/\/yoast.com\/product\/yoast-seo-wordpress\/ -->\n<title>Chamber Music: Spring Time, by Yiruma | Juan A. P\u00e9rez<\/title>\n<meta name=\"description\" content=\"Arrangement for string quartet of Spring Time, composed by Yiruma. Yiruma is well known worldwide, and his albums are sold throughout Asia, as well as in the United States and Europe.\" \/>\n<meta name=\"robots\" content=\"index, follow, max-snippet:-1, max-image-preview:large, max-video-preview:-1\" \/>\n<link rel=\"canonical\" href=\"https:\/\/japerezmusic.com\/en\/chamber-music-arrangements\/spring-time-string-quartet\/\" \/>\n<meta property=\"og:locale\" content=\"en_GB\" \/>\n<meta property=\"og:type\" content=\"article\" \/>\n<meta property=\"og:title\" content=\"Chamber Music: Spring Time, by Yiruma | Juan A. P\u00e9rez\" \/>\n<meta property=\"og:description\" content=\"Arrangement for string quartet of Spring Time, composed by Yiruma. Yiruma is well known worldwide, and his albums are sold throughout Asia, as well as in the United States and Europe.\" \/>\n<meta property=\"og:url\" content=\"https:\/\/japerezmusic.com\/en\/chamber-music-arrangements\/spring-time-string-quartet\/\" \/>\n<meta property=\"article:modified_time\" content=\"2026-01-29T14:05:00+00:00\" \/>\n<meta property=\"og:image\" content=\"https:\/\/japerezmusic.com\/wp-content\/uploads\/2026\/01\/Spring-Time-String-Quartet.jpg\" \/>\n\t<meta property=\"og:image:width\" content=\"566\" \/>\n\t<meta property=\"og:image:height\" content=\"800\" \/>\n\t<meta property=\"og:image:type\" content=\"image\/jpeg\" \/>\n<meta name=\"twitter:card\" content=\"summary_large_image\" \/>\n<meta name=\"twitter:label1\" content=\"Estimated reading time\" \/>\n\t<meta name=\"twitter:data1\" content=\"1 minute\" \/>\n<script type=\"application\/ld+json\" class=\"yoast-schema-graph\">{\"@context\":\"https:\\\/\\\/schema.org\",\"@graph\":[{\"@type\":\"WebPage\",\"@id\":\"https:\\\/\\\/japerezmusic.com\\\/chamber-music-arrangements\\\/spring-time-string-quartet\\\/\",\"url\":\"https:\\\/\\\/japerezmusic.com\\\/chamber-music-arrangements\\\/spring-time-string-quartet\\\/\",\"name\":\"Chamber Music: Spring Time, by Yiruma | Juan A. P\u00e9rez\",\"isPartOf\":{\"@id\":\"https:\\\/\\\/japerezmusic.com\\\/#website\"},\"primaryImageOfPage\":{\"@id\":\"https:\\\/\\\/japerezmusic.com\\\/chamber-music-arrangements\\\/spring-time-string-quartet\\\/#primaryimage\"},\"image\":{\"@id\":\"https:\\\/\\\/japerezmusic.com\\\/chamber-music-arrangements\\\/spring-time-string-quartet\\\/#primaryimage\"},\"thumbnailUrl\":\"https:\\\/\\\/japerezmusic.com\\\/wp-content\\\/uploads\\\/2026\\\/01\\\/Spring-Time-String-Quartet.jpg\",\"datePublished\":\"2026-01-29T13:58:40+00:00\",\"dateModified\":\"2026-01-29T14:05:00+00:00\",\"description\":\"Arrangement for string quartet of Spring Time, composed by Yiruma. Yiruma is well known worldwide, and his albums are sold throughout Asia, as well as in the United States and Europe.\",\"breadcrumb\":{\"@id\":\"https:\\\/\\\/japerezmusic.com\\\/chamber-music-arrangements\\\/spring-time-string-quartet\\\/#breadcrumb\"},\"inLanguage\":\"en-GB\",\"potentialAction\":[{\"@type\":\"ReadAction\",\"target\":[\"https:\\\/\\\/japerezmusic.com\\\/chamber-music-arrangements\\\/spring-time-string-quartet\\\/\"]}]},{\"@type\":\"ImageObject\",\"inLanguage\":\"en-GB\",\"@id\":\"https:\\\/\\\/japerezmusic.com\\\/chamber-music-arrangements\\\/spring-time-string-quartet\\\/#primaryimage\",\"url\":\"https:\\\/\\\/japerezmusic.com\\\/wp-content\\\/uploads\\\/2026\\\/01\\\/Spring-Time-String-Quartet.jpg\",\"contentUrl\":\"https:\\\/\\\/japerezmusic.com\\\/wp-content\\\/uploads\\\/2026\\\/01\\\/Spring-Time-String-Quartet.jpg\",\"width\":566,\"height\":800},{\"@type\":\"BreadcrumbList\",\"@id\":\"https:\\\/\\\/japerezmusic.com\\\/chamber-music-arrangements\\\/spring-time-string-quartet\\\/#breadcrumb\",\"itemListElement\":[{\"@type\":\"ListItem\",\"position\":1,\"name\":\"Portada\",\"item\":\"https:\\\/\\\/japerezmusic.com\\\/\"},{\"@type\":\"ListItem\",\"position\":2,\"name\":\"Tienda\",\"item\":\"https:\\\/\\\/japerezmusic.com\\\/tienda\\\/\"},{\"@type\":\"ListItem\",\"position\":3,\"name\":\"Spring Time\"}]},{\"@type\":\"WebSite\",\"@id\":\"https:\\\/\\\/japerezmusic.com\\\/#website\",\"url\":\"https:\\\/\\\/japerezmusic.com\\\/\",\"name\":\"\",\"description\":\"\",\"publisher\":{\"@id\":\"https:\\\/\\\/japerezmusic.com\\\/#\\\/schema\\\/person\\\/6093ed30b3bf599c024733a29c42efe1\"},\"potentialAction\":[{\"@type\":\"SearchAction\",\"target\":{\"@type\":\"EntryPoint\",\"urlTemplate\":\"https:\\\/\\\/japerezmusic.com\\\/?s={search_term_string}\"},\"query-input\":{\"@type\":\"PropertyValueSpecification\",\"valueRequired\":true,\"valueName\":\"search_term_string\"}}],\"inLanguage\":\"en-GB\"},{\"@type\":[\"Person\",\"Organization\"],\"@id\":\"https:\\\/\\\/japerezmusic.com\\\/#\\\/schema\\\/person\\\/6093ed30b3bf599c024733a29c42efe1\",\"name\":\"Juan A P\u00e9rez\",\"image\":{\"@type\":\"ImageObject\",\"inLanguage\":\"en-GB\",\"@id\":\"https:\\\/\\\/secure.gravatar.com\\\/avatar\\\/ca9baf1f5798850e155e99c331bc491e839376d5d36dc8ee3ea50cb161eb49d2?s=96&d=mm&r=g\",\"url\":\"https:\\\/\\\/secure.gravatar.com\\\/avatar\\\/ca9baf1f5798850e155e99c331bc491e839376d5d36dc8ee3ea50cb161eb49d2?s=96&d=mm&r=g\",\"contentUrl\":\"https:\\\/\\\/secure.gravatar.com\\\/avatar\\\/ca9baf1f5798850e155e99c331bc491e839376d5d36dc8ee3ea50cb161eb49d2?s=96&d=mm&r=g\",\"caption\":\"Juan A P\u00e9rez\"},\"logo\":{\"@id\":\"https:\\\/\\\/secure.gravatar.com\\\/avatar\\\/ca9baf1f5798850e155e99c331bc491e839376d5d36dc8ee3ea50cb161eb49d2?s=96&d=mm&r=g\"},\"sameAs\":[\"http:\\\/\\\/japerezcomposer.com\"]}]}<\/script>\n<!-- \/ Yoast SEO plugin. -->","yoast_head_json":{"title":"Chamber Music: Spring Time, by Yiruma | Juan A. P\u00e9rez","description":"Arrangement for string quartet of Spring Time, composed by Yiruma. Yiruma is well known worldwide, and his albums are sold throughout Asia, as well as in the United States and Europe.","robots":{"index":"index","follow":"follow","max-snippet":"max-snippet:-1","max-image-preview":"max-image-preview:large","max-video-preview":"max-video-preview:-1"},"canonical":"https:\/\/japerezmusic.com\/en\/chamber-music-arrangements\/spring-time-string-quartet\/","og_locale":"en_GB","og_type":"article","og_title":"Chamber Music: Spring Time, by Yiruma | Juan A. P\u00e9rez","og_description":"Arrangement for string quartet of Spring Time, composed by Yiruma. Yiruma is well known worldwide, and his albums are sold throughout Asia, as well as in the United States and Europe.","og_url":"https:\/\/japerezmusic.com\/en\/chamber-music-arrangements\/spring-time-string-quartet\/","article_modified_time":"2026-01-29T14:05:00+00:00","og_image":[{"width":566,"height":800,"url":"https:\/\/japerezmusic.com\/wp-content\/uploads\/2026\/01\/Spring-Time-String-Quartet.jpg","type":"image\/jpeg"}],"twitter_card":"summary_large_image","twitter_misc":{"Estimated reading time":"1 minute"},"schema":{"@context":"https:\/\/schema.org","@graph":[{"@type":"WebPage","@id":"https:\/\/japerezmusic.com\/chamber-music-arrangements\/spring-time-string-quartet\/","url":"https:\/\/japerezmusic.com\/chamber-music-arrangements\/spring-time-string-quartet\/","name":"Chamber Music: Spring Time, by Yiruma | Juan A. P\u00e9rez","isPartOf":{"@id":"https:\/\/japerezmusic.com\/#website"},"primaryImageOfPage":{"@id":"https:\/\/japerezmusic.com\/chamber-music-arrangements\/spring-time-string-quartet\/#primaryimage"},"image":{"@id":"https:\/\/japerezmusic.com\/chamber-music-arrangements\/spring-time-string-quartet\/#primaryimage"},"thumbnailUrl":"https:\/\/japerezmusic.com\/wp-content\/uploads\/2026\/01\/Spring-Time-String-Quartet.jpg","datePublished":"2026-01-29T13:58:40+00:00","dateModified":"2026-01-29T14:05:00+00:00","description":"Arrangement for string quartet of Spring Time, composed by Yiruma. Yiruma is well known worldwide, and his albums are sold throughout Asia, as well as in the United States and Europe.","breadcrumb":{"@id":"https:\/\/japerezmusic.com\/chamber-music-arrangements\/spring-time-string-quartet\/#breadcrumb"},"inLanguage":"en-GB","potentialAction":[{"@type":"ReadAction","target":["https:\/\/japerezmusic.com\/chamber-music-arrangements\/spring-time-string-quartet\/"]}]},{"@type":"ImageObject","inLanguage":"en-GB","@id":"https:\/\/japerezmusic.com\/chamber-music-arrangements\/spring-time-string-quartet\/#primaryimage","url":"https:\/\/japerezmusic.com\/wp-content\/uploads\/2026\/01\/Spring-Time-String-Quartet.jpg","contentUrl":"https:\/\/japerezmusic.com\/wp-content\/uploads\/2026\/01\/Spring-Time-String-Quartet.jpg","width":566,"height":800},{"@type":"BreadcrumbList","@id":"https:\/\/japerezmusic.com\/chamber-music-arrangements\/spring-time-string-quartet\/#breadcrumb","itemListElement":[{"@type":"ListItem","position":1,"name":"Portada","item":"https:\/\/japerezmusic.com\/"},{"@type":"ListItem","position":2,"name":"Tienda","item":"https:\/\/japerezmusic.com\/tienda\/"},{"@type":"ListItem","position":3,"name":"Spring Time"}]},{"@type":"WebSite","@id":"https:\/\/japerezmusic.com\/#website","url":"https:\/\/japerezmusic.com\/","name":"","description":"","publisher":{"@id":"https:\/\/japerezmusic.com\/#\/schema\/person\/6093ed30b3bf599c024733a29c42efe1"},"potentialAction":[{"@type":"SearchAction","target":{"@type":"EntryPoint","urlTemplate":"https:\/\/japerezmusic.com\/?s={search_term_string}"},"query-input":{"@type":"PropertyValueSpecification","valueRequired":true,"valueName":"search_term_string"}}],"inLanguage":"en-GB"},{"@type":["Person","Organization"],"@id":"https:\/\/japerezmusic.com\/#\/schema\/person\/6093ed30b3bf599c024733a29c42efe1","name":"Juan A P\u00e9rez","image":{"@type":"ImageObject","inLanguage":"en-GB","@id":"https:\/\/secure.gravatar.com\/avatar\/ca9baf1f5798850e155e99c331bc491e839376d5d36dc8ee3ea50cb161eb49d2?s=96&d=mm&r=g","url":"https:\/\/secure.gravatar.com\/avatar\/ca9baf1f5798850e155e99c331bc491e839376d5d36dc8ee3ea50cb161eb49d2?s=96&d=mm&r=g","contentUrl":"https:\/\/secure.gravatar.com\/avatar\/ca9baf1f5798850e155e99c331bc491e839376d5d36dc8ee3ea50cb161eb49d2?s=96&d=mm&r=g","caption":"Juan A P\u00e9rez"},"logo":{"@id":"https:\/\/secure.gravatar.com\/avatar\/ca9baf1f5798850e155e99c331bc491e839376d5d36dc8ee3ea50cb161eb49d2?s=96&d=mm&r=g"},"sameAs":["http:\/\/japerezcomposer.com"]}]}},"_links":{"self":[{"href":"https:\/\/japerezmusic.com\/en\/wp-json\/wp\/v2\/product\/28213","targetHints":{"allow":["GET"]}}],"collection":[{"href":"https:\/\/japerezmusic.com\/en\/wp-json\/wp\/v2\/product"}],"about":[{"href":"https:\/\/japerezmusic.com\/en\/wp-json\/wp\/v2\/types\/product"}],"version-history":[{"count":0,"href":"https:\/\/japerezmusic.com\/en\/wp-json\/wp\/v2\/product\/28213\/revisions"}],"wp:featuredmedia":[{"embeddable":true,"href":"https:\/\/japerezmusic.com\/en\/wp-json\/wp\/v2\/media\/28216"}],"wp:attachment":[{"href":"https:\/\/japerezmusic.com\/en\/wp-json\/wp\/v2\/media?parent=28213"}],"wp:term":[{"taxonomy":"product_brand","embeddable":true,"href":"https:\/\/japerezmusic.com\/en\/wp-json\/wp\/v2\/product_brand?post=28213"},{"taxonomy":"product_cat","embeddable":true,"href":"https:\/\/japerezmusic.com\/en\/wp-json\/wp\/v2\/product_cat?post=28213"},{"taxonomy":"product_tag","embeddable":true,"href":"https:\/\/japerezmusic.com\/en\/wp-json\/wp\/v2\/product_tag?post=28213"}],"curies":[{"name":"wp","href":"https:\/\/api.w.org\/{rel}","templated":true}]}}