{"id":28759,"date":"2026-03-25T18:04:09","date_gmt":"2026-03-25T17:04:09","guid":{"rendered":"https:\/\/japerezmusic.com\/?post_type=product&#038;p=28759"},"modified":"2026-04-02T16:14:49","modified_gmt":"2026-04-02T15:14:49","slug":"armonia-sin-miedo","status":"publish","type":"product","link":"https:\/\/japerezmusic.com\/en\/libros\/armonia-sin-miedo\/","title":{"rendered":"Armon\u00eda Sin Miedo"},"content":{"rendered":"<p>Seguramente has escuchado que la armon\u00eda es dif\u00edcil, aburrida o que es \u00abmatem\u00e1ticas con m\u00fasica\u00bb. D\u00e9jame decirte algo: <strong>te han mentido.<\/strong><\/p>\n<p>La armon\u00eda no es una lista de prohibiciones. La armon\u00eda es el mapa que te explica por qu\u00e9 esa canci\u00f3n que tanto te gusta te pone los pelos de punta. Es la diferencia entre dar golpes al azar en un piano y saber exactamente qu\u00e9 nota tocar para que alguien se emocione.<\/p>\n<p>Este libro, <strong>ARMON\u00cdA SIN MIEDO<\/strong>, nace para que dejes de ver el pentagrama como un enemigo y empieces a verlo como tu patio de recreo. No importa si tocas la guitarra en tu cuarto, si cantas en un coro o si produces beats en tu tablet&#8230;<\/p>\n<p>Los secretos que vas a descubrir aqu\u00ed son los mismos que usaron desde Bach hasta Billie Eilish.<\/p>","protected":false},"excerpt":{"rendered":"<p><b>Cap\u00edtulos:<\/b><\/p>\n<ul>\n<li>EL LENGUAJE DEL ORDEN<\/li>\n<li>LOS INTERVALOS<\/li>\n<li>LOS ACORDES<\/li>\n<li>ESCRIBIR A 4 VOCES<\/li>\n<li>EL MOVIMIENTO<\/li>\n<li>PERIODOS TONALES<\/li>\n<li>EL ESTADO FUNDAMENTAL<\/li>\n<li>LA PRIMERA INVERSI\u00d3N<\/li>\n<li>LA SEGUNDA INVERSI\u00d3N<\/li>\n<li>NOTAS DE ADORNO<\/li>\n<li>LOS ACORDES DE S\u00c9PTIMA<\/li>\n<li>LA MODULACI\u00d3N<\/li>\n<li>DOMINANTES SECUNDARIAS<\/li>\n<\/ul>","protected":false},"featured_media":28746,"template":"","meta":{"site-sidebar-layout":"default","site-content-layout":"default","ast-site-content-layout":"default","site-content-style":"default","site-sidebar-style":"default","ast-global-header-display":"","ast-banner-title-visibility":"","ast-main-header-display":"","ast-hfb-above-header-display":"","ast-hfb-below-header-display":"","ast-hfb-mobile-header-display":"","site-post-title":"","ast-breadcrumbs-content":"","ast-featured-img":"","footer-sml-layout":"","ast-disable-related-posts":"","theme-transparent-header-meta":"default","adv-header-id-meta":"","stick-header-meta":"","header-above-stick-meta":"","header-main-stick-meta":"","header-below-stick-meta":"","astra-migrate-meta-layouts":"set","ast-page-background-enabled":"default","ast-page-background-meta":{"desktop":{"background-color":"var(--ast-global-color-4)","background-image":"","background-repeat":"repeat","background-position":"center center","background-size":"auto","background-attachment":"scroll","background-type":"","background-media":"","overlay-type":"","overlay-color":"","overlay-opacity":"","overlay-gradient":""},"tablet":{"background-color":"","background-image":"","background-repeat":"repeat","background-position":"center center","background-size":"auto","background-attachment":"scroll","background-type":"","background-media":"","overlay-type":"","overlay-color":"","overlay-opacity":"","overlay-gradient":""},"mobile":{"background-color":"","background-image":"","background-repeat":"repeat","background-position":"center center","background-size":"auto","background-attachment":"scroll","background-type":"","background-media":"","overlay-type":"","overlay-color":"","overlay-opacity":"","overlay-gradient":""}},"ast-content-background-meta":{"desktop":{"background-color":"var(--ast-global-color-5)","background-image":"","background-repeat":"repeat","background-position":"center center","background-size":"auto","background-attachment":"scroll","background-type":"","background-media":"","overlay-type":"","overlay-color":"","overlay-opacity":"","overlay-gradient":""},"tablet":{"background-color":"var(--ast-global-color-5)","background-image":"","background-repeat":"repeat","background-position":"center center","background-size":"auto","background-attachment":"scroll","background-type":"","background-media":"","overlay-type":"","overlay-color":"","overlay-opacity":"","overlay-gradient":""},"mobile":{"background-color":"var(--ast-global-color-5)","background-image":"","background-repeat":"repeat","background-position":"center center","background-size":"auto","background-attachment":"scroll","background-type":"","background-media":"","overlay-type":"","overlay-color":"","overlay-opacity":"","overlay-gradient":""}}},"product_brand":[],"product_cat":[191],"product_tag":[],"class_list":{"0":"post-28759","1":"product","2":"type-product","3":"status-publish","4":"has-post-thumbnail","6":"product_cat-libros","7":"desktop-align-left","8":"tablet-align-left","9":"mobile-align-left","11":"first","12":"instock","13":"downloadable","14":"shipping-taxable","15":"purchasable","16":"product-type-simple"},"yoast_head":"<!-- This site is optimized with the Yoast SEO plugin v27.5 - https:\/\/yoast.com\/product\/yoast-seo-wordpress\/ -->\n<title>Libros: Armon\u00eda Sin Miedo | Juan A. P\u00e9rez<\/title>\n<meta name=\"description\" content=\"Este libro, ARMON\u00cdA SIN MIEDO, nace para que dejes de ver el pentagrama como un enemigo y empieces a verlo como tu patio de recreo.\" \/>\n<meta name=\"robots\" content=\"index, follow, max-snippet:-1, max-image-preview:large, max-video-preview:-1\" \/>\n<link rel=\"canonical\" href=\"https:\/\/japerezmusic.com\/en\/libros\/armonia-sin-miedo\/\" \/>\n<meta property=\"og:locale\" content=\"en_GB\" \/>\n<meta property=\"og:type\" content=\"article\" \/>\n<meta property=\"og:title\" content=\"Libros: Armon\u00eda Sin Miedo | Juan A. P\u00e9rez\" \/>\n<meta property=\"og:description\" content=\"Este libro, ARMON\u00cdA SIN MIEDO, nace para que dejes de ver el pentagrama como un enemigo y empieces a verlo como tu patio de recreo.\" \/>\n<meta property=\"og:url\" content=\"https:\/\/japerezmusic.com\/en\/libros\/armonia-sin-miedo\/\" \/>\n<meta property=\"article:modified_time\" content=\"2026-04-02T15:14:49+00:00\" \/>\n<meta property=\"og:image\" content=\"https:\/\/japerezmusic.com\/wp-content\/uploads\/2026\/03\/ARMONIA-SIN-MIEDO.jpg\" \/>\n\t<meta property=\"og:image:width\" content=\"566\" \/>\n\t<meta property=\"og:image:height\" content=\"800\" \/>\n\t<meta property=\"og:image:type\" content=\"image\/jpeg\" \/>\n<meta name=\"twitter:card\" content=\"summary_large_image\" \/>\n<meta name=\"twitter:label1\" content=\"Estimated reading time\" \/>\n\t<meta name=\"twitter:data1\" content=\"1 minute\" \/>\n<script type=\"application\/ld+json\" class=\"yoast-schema-graph\">{\"@context\":\"https:\\\/\\\/schema.org\",\"@graph\":[{\"@type\":\"WebPage\",\"@id\":\"https:\\\/\\\/japerezmusic.com\\\/libros\\\/armonia-sin-miedo\\\/\",\"url\":\"https:\\\/\\\/japerezmusic.com\\\/libros\\\/armonia-sin-miedo\\\/\",\"name\":\"Libros: Armon\u00eda Sin Miedo | Juan A. P\u00e9rez\",\"isPartOf\":{\"@id\":\"https:\\\/\\\/japerezmusic.com\\\/#website\"},\"primaryImageOfPage\":{\"@id\":\"https:\\\/\\\/japerezmusic.com\\\/libros\\\/armonia-sin-miedo\\\/#primaryimage\"},\"image\":{\"@id\":\"https:\\\/\\\/japerezmusic.com\\\/libros\\\/armonia-sin-miedo\\\/#primaryimage\"},\"thumbnailUrl\":\"https:\\\/\\\/japerezmusic.com\\\/wp-content\\\/uploads\\\/2026\\\/03\\\/ARMONIA-SIN-MIEDO.jpg\",\"datePublished\":\"2026-03-25T17:04:09+00:00\",\"dateModified\":\"2026-04-02T15:14:49+00:00\",\"description\":\"Este libro, ARMON\u00cdA SIN MIEDO, nace para que dejes de ver el pentagrama como un enemigo y empieces a verlo como tu patio de recreo.\",\"breadcrumb\":{\"@id\":\"https:\\\/\\\/japerezmusic.com\\\/libros\\\/armonia-sin-miedo\\\/#breadcrumb\"},\"inLanguage\":\"en-GB\",\"potentialAction\":[{\"@type\":\"ReadAction\",\"target\":[\"https:\\\/\\\/japerezmusic.com\\\/libros\\\/armonia-sin-miedo\\\/\"]}]},{\"@type\":\"ImageObject\",\"inLanguage\":\"en-GB\",\"@id\":\"https:\\\/\\\/japerezmusic.com\\\/libros\\\/armonia-sin-miedo\\\/#primaryimage\",\"url\":\"https:\\\/\\\/japerezmusic.com\\\/wp-content\\\/uploads\\\/2026\\\/03\\\/ARMONIA-SIN-MIEDO.jpg\",\"contentUrl\":\"https:\\\/\\\/japerezmusic.com\\\/wp-content\\\/uploads\\\/2026\\\/03\\\/ARMONIA-SIN-MIEDO.jpg\",\"width\":566,\"height\":800},{\"@type\":\"BreadcrumbList\",\"@id\":\"https:\\\/\\\/japerezmusic.com\\\/libros\\\/armonia-sin-miedo\\\/#breadcrumb\",\"itemListElement\":[{\"@type\":\"ListItem\",\"position\":1,\"name\":\"Portada\",\"item\":\"https:\\\/\\\/japerezmusic.com\\\/\"},{\"@type\":\"ListItem\",\"position\":2,\"name\":\"Tienda\",\"item\":\"https:\\\/\\\/japerezmusic.com\\\/tienda\\\/\"},{\"@type\":\"ListItem\",\"position\":3,\"name\":\"Armon\u00eda Sin Miedo\"}]},{\"@type\":\"WebSite\",\"@id\":\"https:\\\/\\\/japerezmusic.com\\\/#website\",\"url\":\"https:\\\/\\\/japerezmusic.com\\\/\",\"name\":\"\",\"description\":\"\",\"publisher\":{\"@id\":\"https:\\\/\\\/japerezmusic.com\\\/#\\\/schema\\\/person\\\/6093ed30b3bf599c024733a29c42efe1\"},\"potentialAction\":[{\"@type\":\"SearchAction\",\"target\":{\"@type\":\"EntryPoint\",\"urlTemplate\":\"https:\\\/\\\/japerezmusic.com\\\/?s={search_term_string}\"},\"query-input\":{\"@type\":\"PropertyValueSpecification\",\"valueRequired\":true,\"valueName\":\"search_term_string\"}}],\"inLanguage\":\"en-GB\"},{\"@type\":[\"Person\",\"Organization\"],\"@id\":\"https:\\\/\\\/japerezmusic.com\\\/#\\\/schema\\\/person\\\/6093ed30b3bf599c024733a29c42efe1\",\"name\":\"Juan A P\u00e9rez\",\"image\":{\"@type\":\"ImageObject\",\"inLanguage\":\"en-GB\",\"@id\":\"https:\\\/\\\/secure.gravatar.com\\\/avatar\\\/ca9baf1f5798850e155e99c331bc491e839376d5d36dc8ee3ea50cb161eb49d2?s=96&d=mm&r=g\",\"url\":\"https:\\\/\\\/secure.gravatar.com\\\/avatar\\\/ca9baf1f5798850e155e99c331bc491e839376d5d36dc8ee3ea50cb161eb49d2?s=96&d=mm&r=g\",\"contentUrl\":\"https:\\\/\\\/secure.gravatar.com\\\/avatar\\\/ca9baf1f5798850e155e99c331bc491e839376d5d36dc8ee3ea50cb161eb49d2?s=96&d=mm&r=g\",\"caption\":\"Juan A P\u00e9rez\"},\"logo\":{\"@id\":\"https:\\\/\\\/secure.gravatar.com\\\/avatar\\\/ca9baf1f5798850e155e99c331bc491e839376d5d36dc8ee3ea50cb161eb49d2?s=96&d=mm&r=g\"},\"sameAs\":[\"http:\\\/\\\/japerezcomposer.com\"]}]}<\/script>\n<!-- \/ Yoast SEO plugin. -->","yoast_head_json":{"title":"Libros: Armon\u00eda Sin Miedo | Juan A. P\u00e9rez","description":"Este libro, ARMON\u00cdA SIN MIEDO, nace para que dejes de ver el pentagrama como un enemigo y empieces a verlo como tu patio de recreo.","robots":{"index":"index","follow":"follow","max-snippet":"max-snippet:-1","max-image-preview":"max-image-preview:large","max-video-preview":"max-video-preview:-1"},"canonical":"https:\/\/japerezmusic.com\/en\/libros\/armonia-sin-miedo\/","og_locale":"en_GB","og_type":"article","og_title":"Libros: Armon\u00eda Sin Miedo | Juan A. P\u00e9rez","og_description":"Este libro, ARMON\u00cdA SIN MIEDO, nace para que dejes de ver el pentagrama como un enemigo y empieces a verlo como tu patio de recreo.","og_url":"https:\/\/japerezmusic.com\/en\/libros\/armonia-sin-miedo\/","article_modified_time":"2026-04-02T15:14:49+00:00","og_image":[{"width":566,"height":800,"url":"https:\/\/japerezmusic.com\/wp-content\/uploads\/2026\/03\/ARMONIA-SIN-MIEDO.jpg","type":"image\/jpeg"}],"twitter_card":"summary_large_image","twitter_misc":{"Estimated reading time":"1 minute"},"schema":{"@context":"https:\/\/schema.org","@graph":[{"@type":"WebPage","@id":"https:\/\/japerezmusic.com\/libros\/armonia-sin-miedo\/","url":"https:\/\/japerezmusic.com\/libros\/armonia-sin-miedo\/","name":"Libros: Armon\u00eda Sin Miedo | Juan A. P\u00e9rez","isPartOf":{"@id":"https:\/\/japerezmusic.com\/#website"},"primaryImageOfPage":{"@id":"https:\/\/japerezmusic.com\/libros\/armonia-sin-miedo\/#primaryimage"},"image":{"@id":"https:\/\/japerezmusic.com\/libros\/armonia-sin-miedo\/#primaryimage"},"thumbnailUrl":"https:\/\/japerezmusic.com\/wp-content\/uploads\/2026\/03\/ARMONIA-SIN-MIEDO.jpg","datePublished":"2026-03-25T17:04:09+00:00","dateModified":"2026-04-02T15:14:49+00:00","description":"Este libro, ARMON\u00cdA SIN MIEDO, nace para que dejes de ver el pentagrama como un enemigo y empieces a verlo como tu patio de recreo.","breadcrumb":{"@id":"https:\/\/japerezmusic.com\/libros\/armonia-sin-miedo\/#breadcrumb"},"inLanguage":"en-GB","potentialAction":[{"@type":"ReadAction","target":["https:\/\/japerezmusic.com\/libros\/armonia-sin-miedo\/"]}]},{"@type":"ImageObject","inLanguage":"en-GB","@id":"https:\/\/japerezmusic.com\/libros\/armonia-sin-miedo\/#primaryimage","url":"https:\/\/japerezmusic.com\/wp-content\/uploads\/2026\/03\/ARMONIA-SIN-MIEDO.jpg","contentUrl":"https:\/\/japerezmusic.com\/wp-content\/uploads\/2026\/03\/ARMONIA-SIN-MIEDO.jpg","width":566,"height":800},{"@type":"BreadcrumbList","@id":"https:\/\/japerezmusic.com\/libros\/armonia-sin-miedo\/#breadcrumb","itemListElement":[{"@type":"ListItem","position":1,"name":"Portada","item":"https:\/\/japerezmusic.com\/"},{"@type":"ListItem","position":2,"name":"Tienda","item":"https:\/\/japerezmusic.com\/tienda\/"},{"@type":"ListItem","position":3,"name":"Armon\u00eda Sin Miedo"}]},{"@type":"WebSite","@id":"https:\/\/japerezmusic.com\/#website","url":"https:\/\/japerezmusic.com\/","name":"","description":"","publisher":{"@id":"https:\/\/japerezmusic.com\/#\/schema\/person\/6093ed30b3bf599c024733a29c42efe1"},"potentialAction":[{"@type":"SearchAction","target":{"@type":"EntryPoint","urlTemplate":"https:\/\/japerezmusic.com\/?s={search_term_string}"},"query-input":{"@type":"PropertyValueSpecification","valueRequired":true,"valueName":"search_term_string"}}],"inLanguage":"en-GB"},{"@type":["Person","Organization"],"@id":"https:\/\/japerezmusic.com\/#\/schema\/person\/6093ed30b3bf599c024733a29c42efe1","name":"Juan A P\u00e9rez","image":{"@type":"ImageObject","inLanguage":"en-GB","@id":"https:\/\/secure.gravatar.com\/avatar\/ca9baf1f5798850e155e99c331bc491e839376d5d36dc8ee3ea50cb161eb49d2?s=96&d=mm&r=g","url":"https:\/\/secure.gravatar.com\/avatar\/ca9baf1f5798850e155e99c331bc491e839376d5d36dc8ee3ea50cb161eb49d2?s=96&d=mm&r=g","contentUrl":"https:\/\/secure.gravatar.com\/avatar\/ca9baf1f5798850e155e99c331bc491e839376d5d36dc8ee3ea50cb161eb49d2?s=96&d=mm&r=g","caption":"Juan A P\u00e9rez"},"logo":{"@id":"https:\/\/secure.gravatar.com\/avatar\/ca9baf1f5798850e155e99c331bc491e839376d5d36dc8ee3ea50cb161eb49d2?s=96&d=mm&r=g"},"sameAs":["http:\/\/japerezcomposer.com"]}]}},"_links":{"self":[{"href":"https:\/\/japerezmusic.com\/en\/wp-json\/wp\/v2\/product\/28759","targetHints":{"allow":["GET"]}}],"collection":[{"href":"https:\/\/japerezmusic.com\/en\/wp-json\/wp\/v2\/product"}],"about":[{"href":"https:\/\/japerezmusic.com\/en\/wp-json\/wp\/v2\/types\/product"}],"version-history":[{"count":0,"href":"https:\/\/japerezmusic.com\/en\/wp-json\/wp\/v2\/product\/28759\/revisions"}],"wp:featuredmedia":[{"embeddable":true,"href":"https:\/\/japerezmusic.com\/en\/wp-json\/wp\/v2\/media\/28746"}],"wp:attachment":[{"href":"https:\/\/japerezmusic.com\/en\/wp-json\/wp\/v2\/media?parent=28759"}],"wp:term":[{"taxonomy":"product_brand","embeddable":true,"href":"https:\/\/japerezmusic.com\/en\/wp-json\/wp\/v2\/product_brand?post=28759"},{"taxonomy":"product_cat","embeddable":true,"href":"https:\/\/japerezmusic.com\/en\/wp-json\/wp\/v2\/product_cat?post=28759"},{"taxonomy":"product_tag","embeddable":true,"href":"https:\/\/japerezmusic.com\/en\/wp-json\/wp\/v2\/product_tag?post=28759"}],"curies":[{"name":"wp","href":"https:\/\/api.w.org\/{rel}","templated":true}]}}